{"id":3576,"date":"2016-08-20T11:57:12","date_gmt":"2016-08-20T08:57:12","guid":{"rendered":"https:\/\/mrtilaclama.com\/?page_id=3576"},"modified":"2025-11-19T10:44:22","modified_gmt":"2025-11-19T07:44:22","slug":"iletisim","status":"publish","type":"page","link":"https:\/\/localveri.net\/abs\/iletisim\/","title":{"rendered":"\u0130leti\u015fim"},"content":{"rendered":"<div id='iletisimsayfasi'  class='av-layout-grid-container av-bva0rc-daa30c2a33d2a8e21229ed9a8e1d77c2 entry-content-wrapper main_color av-flex-cells  avia-builder-el-0  avia-builder-el-no-sibling   container_wrap fullsize'  >\n\n<style type=\"text\/css\" data-created_by=\"avia_inline_auto\" id=\"style-css-av-bab4u0-b1cec8a8cc495acd3f91e32effa2d767\">\n.flex_cell.av-bab4u0-b1cec8a8cc495acd3f91e32effa2d767{\nvertical-align:top;\nbackground-color:#ffffff;\n}\n<\/style>\n<div class='flex_cell av-bab4u0-b1cec8a8cc495acd3f91e32effa2d767 av-gridrow-cell av_one_full no_margin  avia-builder-el-1  avia-builder-el-no-sibling  content-align-top'  ><div class='flex_cell_inner'><div  id=\"haritalar\"  class='tabcontainer av-9tahew-f1e1e104ab568985c90f71157874d040 sidebar_tab sidebar_tab_left  avia-builder-el-2  avia-builder-el-no-sibling  haritalar haritalar border_tabs'>\n<section class='av_tab_section av_tab_section av-7mwjwo-d71307f58b8bd2c8cd353faabc69bc42'  itemscope=\"itemscope\" itemtype=\"https:\/\/schema.org\/CreativeWork\" ><div id='tab-id-1-tab' class='tab active_tab' role='tab' aria-selected=\"true\" tabindex=\"0\" data-fake-id='#tab-id-1' aria-controls='tab-id-1-content'  itemprop=\"headline\" ><span class='tab_icon avia-iconfont avia-font-entypo-fontello' data-av_icon='\ue842' data-av_iconfont='entypo-fontello' ><\/span>\u0130stanbul<\/div><div id='tab-id-1-content' class='tab_content active_tab_content' role='tabpanel' aria-labelledby='tab-id-1-tab' aria-hidden=\"false\"><div class='tab_inner_content invers-color'  itemprop=\"text\" ><p>Evliya \u00c7elebi Mahallesi Hayat Sokak Ka\u00e7kar Sitesi D Blok 16 Tuzla &#8211; \u0130STANBUL<br \/>\n0 216 447 17 70<\/p>\n<p><iframe loading=\"lazy\" style=\"border: 0;\" src=\"https:\/\/www.google.com\/maps\/embed?pb=!1m18!1m12!1m3!1d3018.6114638260187!2d29.295071576379602!3d40.83649712998405!2m3!1f0!2f0!3f0!3m2!1i1024!2i768!4f13.1!3m3!1m2!1s0x14cadc4960485b35%3A0xdd906e36652c96c0!2zQXlnw7xuIFNrLiwgVHV6bGEvxLBzdGFuYnVs!5e0!3m2!1str!2str!4v1729586528753!5m2!1str!2str\" width=\"100%\" height=\"500\" allowfullscreen=\"allowfullscreen\"><\/iframe><\/p>\n<\/div><\/div><\/section>\n<section class='av_tab_section av_tab_section av-7mwjwo-5-2242ee59163fad635fb0cd70e7293941'  itemscope=\"itemscope\" itemtype=\"https:\/\/schema.org\/CreativeWork\" ><div id='tab-id-2-tab' class='tab' role='tab' aria-selected=\"false\" tabindex=\"0\" data-fake-id='#tab-id-2' aria-controls='tab-id-2-content'  itemprop=\"headline\" ><span class='tab_icon avia-iconfont avia-font-entypo-fontello' data-av_icon='\ue842' data-av_iconfont='entypo-fontello' ><\/span>Bursa<\/div><div id='tab-id-2-content' class='tab_content' role='tabpanel' aria-labelledby='tab-id-2-tab' aria-hidden=\"true\"><div class='tab_inner_content invers-color'  itemprop=\"text\" ><p>\u0130hsaniye Mah. Bankalar Cad. B\/114 Blok Atalay 7 Sitesi K:8 No:28 Nil\u00fcfer -BURSA<br \/>\n0 224 221 68 58<\/p>\n<p><iframe loading=\"lazy\" style=\"border: 0;\" src=\"https:\/\/www.google.com\/maps\/embed?pb=!1m17!1m12!1m3!1d3046.5838081455418!2d28.977241088947583!3d40.21831999414566!2m3!1f0!2f0!3f0!3m2!1i1024!2i768!4f13.1!3m2!1m1!2zNDDCsDEzJzA1LjkiTiAyOMKwNTgnNTUuNiJF!5e0!3m2!1str!2str!4v1729586719978!5m2!1str!2str\" width=\"100%\" height=\"500\" allowfullscreen=\"allowfullscreen\"><\/iframe><\/p>\n<\/div><\/div><\/section>\n<section class='av_tab_section av_tab_section av-7mwjwo-4-f01be91ed30419a405d3332c7fb0c96e'  itemscope=\"itemscope\" itemtype=\"https:\/\/schema.org\/CreativeWork\" ><div id='tab-id-3-tab' class='tab' role='tab' aria-selected=\"false\" tabindex=\"0\" data-fake-id='#tab-id-3' aria-controls='tab-id-3-content'  itemprop=\"headline\" ><span class='tab_icon avia-iconfont avia-font-entypo-fontello' data-av_icon='\ue842' data-av_iconfont='entypo-fontello' ><\/span>\u0130zmir<\/div><div id='tab-id-3-content' class='tab_content' role='tabpanel' aria-labelledby='tab-id-3-tab' aria-hidden=\"true\"><div class='tab_inner_content invers-color'  itemprop=\"text\" ><p>Kaz\u0131m Dirik Mahallesi 296. Sk. No:8 \u0130\u00e7 Kap\u0131 No:111 Folkart Time Plaza \/ Ofis 1 Bornova \/ \u0130ZM\u0130R<br \/>\n0 232 482 00 88<\/p>\n<p><iframe loading=\"lazy\" style=\"border: 0;\" src=\"https:\/\/www.google.com\/maps\/embed?pb=!1m18!1m12!1m3!1d3124.6748638256076!2d27.1850763!3d38.448978399999994!2m3!1f0!2f0!3f0!3m2!1i1024!2i768!4f13.1!3m3!1m2!1s0x14bbd8f73f5a938b%3A0xb6e6ee106ab5bb67!2sAbs%20Risk%20%C3%96zel%20G%C3%BCvenlik%20Hizmetleri%20A.%C5%9E.!5e0!3m2!1str!2str!4v1729586947239!5m2!1str!2str\" width=\"100%\" height=\"500\" allowfullscreen=\"allowfullscreen\"><\/iframe><\/p>\n<\/div><\/div><\/section>\n<section class='av_tab_section av_tab_section av-7mwjwo-3-96ee4e74f8c3309a49e217cd71703785'  itemscope=\"itemscope\" itemtype=\"https:\/\/schema.org\/CreativeWork\" ><div id='tab-id-4-tab' class='tab' role='tab' aria-selected=\"false\" tabindex=\"0\" data-fake-id='#tab-id-4' aria-controls='tab-id-4-content'  itemprop=\"headline\" ><span class='tab_icon avia-iconfont avia-font-entypo-fontello' data-av_icon='\ue842' data-av_iconfont='entypo-fontello' ><\/span>Bal\u0131kesir<\/div><div id='tab-id-4-content' class='tab_content' role='tabpanel' aria-labelledby='tab-id-4-tab' aria-hidden=\"true\"><div class='tab_inner_content invers-color'  itemprop=\"text\" ><p>17 Eyl\u00fcl Mah. Atat\u00fcrk Caddesi No:149 Corner Plaza K:3 D:23 Band\u0131rma \/ BALIKES\u0130R<br \/>\n0 266 713 14 32<\/p>\n<p><iframe loading=\"lazy\" style=\"border: 0;\" src=\"https:\/\/www.google.com\/maps\/embed?pb=!1m17!1m12!1m3!1d3040.6560230914015!2d27.969673088984155!3d40.349975986097554!2m3!1f0!2f0!3f0!3m2!1i1024!2i768!4f13.1!3m2!1m1!2zNDDCsDIwJzU5LjkiTiAyN8KwNTgnMjguNCJF!5e0!3m2!1str!2str!4v1729587179052!5m2!1str!2str\" width=\"100%\" height=\"500\" allowfullscreen=\"allowfullscreen\"><\/iframe><\/p>\n<\/div><\/div><\/section>\n<section class='av_tab_section av_tab_section av-7mwjwo-2-a7205a28942537673601bf1148a251e6'  itemscope=\"itemscope\" itemtype=\"https:\/\/schema.org\/CreativeWork\" ><div id='tab-id-5-tab' class='tab' role='tab' aria-selected=\"false\" tabindex=\"0\" data-fake-id='#tab-id-5' aria-controls='tab-id-5-content'  itemprop=\"headline\" ><span class='tab_icon avia-iconfont avia-font-entypo-fontello' data-av_icon='\ue842' data-av_iconfont='entypo-fontello' ><\/span>Denizli<\/div><div id='tab-id-5-content' class='tab_content' role='tabpanel' aria-labelledby='tab-id-5-tab' aria-hidden=\"true\"><div class='tab_inner_content invers-color'  itemprop=\"text\" ><p>Saraylar Mah. 2. Ticari Yol Sel\u00e7uk \u0130\u015f Han\u0131 K: 3 D: 302 Merkez \u2013 DEN\u0130ZL\u0130<br \/>\n0 258 262 41 00<\/p>\n<p><iframe loading=\"lazy\" style=\"border: 0;\" src=\"https:\/\/www.google.com\/maps\/embed?pb=!1m17!1m12!1m3!1d3153.0976971286086!2d29.08044908829112!3d37.78775013918237!2m3!1f0!2f0!3f0!3m2!1i1024!2i768!4f13.1!3m2!1m1!2zMzfCsDQ3JzE1LjkiTiAyOcKwMDUnMDcuMiJF!5e0!3m2!1str!2str!4v1729587273334!5m2!1str!2str\" width=\"100%\" height=\"500\" allowfullscreen=\"allowfullscreen\"><\/iframe><\/p>\n<\/div><\/div><\/section>\n<section class='av_tab_section av_tab_section av-7mwjwo-1-27d4d520852063cddb7463acac5b00da'  itemscope=\"itemscope\" itemtype=\"https:\/\/schema.org\/CreativeWork\" ><div id='tab-id-6-tab' class='tab' role='tab' aria-selected=\"false\" tabindex=\"0\" data-fake-id='#tab-id-6' aria-controls='tab-id-6-content'  itemprop=\"headline\" ><span class='tab_icon avia-iconfont avia-font-entypo-fontello' data-av_icon='\ue842' data-av_iconfont='entypo-fontello' ><\/span>Elaz\u0131\u011f<\/div><div id='tab-id-6-content' class='tab_content' role='tabpanel' aria-labelledby='tab-id-6-tab' aria-hidden=\"true\"><div class='tab_inner_content invers-color'  itemprop=\"text\" ><p>Hilal Kent Mahallesi 406. Sok Defne 3 K: 8 D:37 Merkez \u2013 ELAZI\u011e<br \/>\n0 543 539 01 83<\/p>\n<p><iframe loading=\"lazy\" style=\"border: 0;\" src=\"https:\/\/www.google.com\/maps\/embed?pb=!1m18!1m12!1m3!1d3116.141563969056!2d39.12489507629592!3d38.64562516151991!2m3!1f0!2f0!3f0!3m2!1i1024!2i768!4f13.1!3m3!1m2!1s0x4076eafd8daf6a67%3A0xb9c733702bee9b86!2zSGlsYWxrZW50LCA0MDYuIFNrLiwgMjMyNzAgRWzDonrEscSfIE1lcmtlei9FbGF6xLHEnw!5e0!3m2!1str!2str!4v1729587317762!5m2!1str!2str\" width=\"100%\" height=\"500\" allowfullscreen=\"allowfullscreen\"><\/iframe><\/p>\n<\/div><\/div><\/section>\n<\/div>\n<\/div><\/div><\/div>\n","protected":false},"excerpt":{"rendered":"","protected":false},"author":1,"featured_media":0,"parent":0,"menu_order":0,"comment_status":"closed","ping_status":"closed","template":"","meta":{"footnotes":""},"class_list":["post-3576","page","type-page","status-publish","hentry"],"_links":{"self":[{"href":"https:\/\/localveri.net\/abs\/wp-json\/wp\/v2\/pages\/3576","targetHints":{"allow":["GET"]}}],"collection":[{"href":"https:\/\/localveri.net\/abs\/wp-json\/wp\/v2\/pages"}],"about":[{"href":"https:\/\/localveri.net\/abs\/wp-json\/wp\/v2\/types\/page"}],"author":[{"embeddable":true,"href":"https:\/\/localveri.net\/abs\/wp-json\/wp\/v2\/users\/1"}],"replies":[{"embeddable":true,"href":"https:\/\/localveri.net\/abs\/wp-json\/wp\/v2\/comments?post=3576"}],"version-history":[{"count":10,"href":"https:\/\/localveri.net\/abs\/wp-json\/wp\/v2\/pages\/3576\/revisions"}],"predecessor-version":[{"id":4699,"href":"https:\/\/localveri.net\/abs\/wp-json\/wp\/v2\/pages\/3576\/revisions\/4699"}],"wp:attachment":[{"href":"https:\/\/localveri.net\/abs\/wp-json\/wp\/v2\/media?parent=3576"}],"curies":[{"name":"wp","href":"https:\/\/api.w.org\/{rel}","templated":true}]}}