{"id":3648,"date":"2015-10-17T11:50:41","date_gmt":"2015-10-17T08:50:41","guid":{"rendered":"https:\/\/absguvenlik.com\/?page_id=3648"},"modified":"2026-03-09T09:06:46","modified_gmt":"2026-03-09T06:06:46","slug":"kurumsal","status":"publish","type":"page","link":"https:\/\/localveri.net\/abs\/kurumsal\/","title":{"rendered":"Kurumsal"},"content":{"rendered":"\n<style type=\"text\/css\" data-created_by=\"avia_inline_auto\" id=\"style-css-av-ilug3k-2d71debb57defbb2382e846d75a2017a\">\n.avia-section.av-ilug3k-2d71debb57defbb2382e846d75a2017a{\nbackground-repeat:no-repeat;\nbackground-image:url(https:\/\/localveri.net\/abs\/wp-content\/uploads\/2026\/03\/noktalar2.svg);\nbackground-position:100% 0%;\nbackground-attachment:scroll;\n}\n<\/style>\n<div id='av_section_1'  class='avia-section av-ilug3k-2d71debb57defbb2382e846d75a2017a main_color avia-section-default avia-no-border-styling  avia-builder-el-0  el_before_av_section  avia-builder-el-first  avia-full-stretch avia-bg-style-scroll container_wrap fullsize'  data-section-bg-repeat='stretch'><div class='container av-section-cont-open' ><main  role=\"main\" itemprop=\"mainContentOfPage\"  class='template-page content  av-content-full alpha units'><div class='post-entry post-entry-type-page post-entry-3648'><div class='entry-content-wrapper clearfix'>\n<div  class='flex_column av-1rote8-b9d91b06160a0c57a5973135d9d04301 av_one_full  avia-builder-el-1  el_before_av_one_third  avia-builder-el-first  first flex_column_div av-animated-generic bottom-to-top  '     ><br \/>\n<\/p><\/div><div  class='flex_column av-17hsk0-35abb30138bfd45ba82af18247051254 av_one_third  avia-builder-el-4  el_after_av_one_full  el_before_av_one_third  first flex_column_div av-animated-generic bottom-to-top  column-top-margin'     ><p>\n<style type=\"text\/css\" data-created_by=\"avia_inline_auto\" id=\"style-css-av-10eb0w-53412235f1cd2389d5c7afe2d0465674\">\n.avia-animated-number.av-10eb0w-53412235f1cd2389d5c7afe2d0465674 .avia-animated-number-icon.avia-svg-icon svg:first-child{\nfill:#d9d6ce;\nstroke:#d9d6ce;\n}\n#top .avia-animated-number.av-10eb0w-53412235f1cd2389d5c7afe2d0465674 .avia-animated-number-title{\ncolor:#d9d6ce;\n}\n#top .avia-animated-number.av-10eb0w-53412235f1cd2389d5c7afe2d0465674 .avia-animated-number-content{\ncolor:#0c0c0c;\n}\n<\/style>\n<div  id=\"numaralar\"  class=\"avia-animated-number av-10eb0w-53412235f1cd2389d5c7afe2d0465674 av-force-default-color avia_animate_when_visible  avia-builder-el-5  el_before_av_image  avia-builder-el-first  numaralar numaralar avia-color-font-custom \" data-timer=\"3000\"><strong class=\"heading avia-animated-number-title\"><span class=\"avia-single-number __av-single-number\" data-number_format=\"\" data-number=\"6\" data-start_from=\"0\">6<\/span><\/strong><div class=\"avia-animated-number-content\"><p>B\u00d6LGE M\u00dcD\u00dcRL\u00dc\u011e\u00dc<\/p>\n<\/div><\/div><br \/>\n\n<style type=\"text\/css\" data-created_by=\"avia_inline_auto\" id=\"style-css-av-936evk-c7a26add837f754e4a944707455b0d05\">\n.avia-image-container.av-936evk-c7a26add837f754e4a944707455b0d05 img.avia_image{\nbox-shadow:none;\n}\n.avia-image-container.av-936evk-c7a26add837f754e4a944707455b0d05 .av-image-caption-overlay-center{\ncolor:#ffffff;\n}\n<\/style>\n<div  id=\"harita1\"  class='avia-image-container av-936evk-c7a26add837f754e4a944707455b0d05 av-styling-no-styling avia-align-left  avia-builder-el-6  el_after_av_animated_numbers  avia-builder-el-last  harita1 harita1'   itemprop=\"image\" itemscope=\"itemscope\" itemtype=\"https:\/\/schema.org\/ImageObject\" ><div class=\"avia-image-container-inner\"><div class=\"avia-image-overlay-wrap\"><img decoding=\"async\" fetchpriority=\"high\" class='avia-img-lazy-loading-not- avia_image ' src=\"https:\/\/absguvenlik.com\/wp-content\/uploads\/2024\/11\/bolgeler.png\" alt='' title=''   itemprop=\"thumbnailUrl\"  \/><\/div><\/div><\/div><\/p><\/div><div  class='flex_column av-86m7sw-0bbb337b2a2d549a97ea91970e628ef8 av_one_third  avia-builder-el-7  el_after_av_one_third  el_before_av_one_third  flex_column_div av-animated-generic bottom-to-top  column-top-margin'     ><style type=\"text\/css\" data-created_by=\"avia_inline_auto\" id=\"style-css-av-5pazcg-bb5116c9a8c33cc5f1bbcf9a7c253c9e\">\n.avia-animated-number.av-5pazcg-bb5116c9a8c33cc5f1bbcf9a7c253c9e .avia-animated-number-icon.avia-svg-icon svg:first-child{\nfill:#d9d6ce;\nstroke:#d9d6ce;\n}\n#top .avia-animated-number.av-5pazcg-bb5116c9a8c33cc5f1bbcf9a7c253c9e .avia-animated-number-title{\ncolor:#d9d6ce;\n}\n#top .avia-animated-number.av-5pazcg-bb5116c9a8c33cc5f1bbcf9a7c253c9e .avia-animated-number-content{\ncolor:#0c0c0c;\n}\n<\/style>\n<div  id=\"numaralar\"  class=\"avia-animated-number av-5pazcg-bb5116c9a8c33cc5f1bbcf9a7c253c9e av-force-default-color avia_animate_when_visible  avia-builder-el-8  avia-builder-el-no-sibling  numaralar numaralar avia-color-font-custom \" data-timer=\"3000\"><strong class=\"heading avia-animated-number-title\"><span class=\"avia-single-number __av-single-number\" data-number_format=\"\" data-number=\"81\" data-start_from=\"0\">81<\/span><\/strong><div class=\"avia-animated-number-content\"><p>\u0130LDE H\u0130ZMET<\/p>\n<\/div><\/div><\/div><div  class='flex_column av-4drqeo-c6ef573dde0ad205fa120704417b449d av_one_third  avia-builder-el-9  el_after_av_one_third  el_before_av_one_full  flex_column_div av-animated-generic bottom-to-top  column-top-margin'     ><style type=\"text\/css\" data-created_by=\"avia_inline_auto\" id=\"style-css-av-32qx1s-a42d9ded0b7404ec4d95a00c679c3701\">\n.avia-animated-number.av-32qx1s-a42d9ded0b7404ec4d95a00c679c3701 .avia-animated-number-icon.avia-svg-icon svg:first-child{\nfill:#d9d6ce;\nstroke:#d9d6ce;\n}\n#top .avia-animated-number.av-32qx1s-a42d9ded0b7404ec4d95a00c679c3701 .avia-animated-number-title{\ncolor:#d9d6ce;\n}\n#top .avia-animated-number.av-32qx1s-a42d9ded0b7404ec4d95a00c679c3701 .avia-animated-number-content{\ncolor:#0c0c0c;\n}\n<\/style>\n<div  id=\"numaralar\"  class=\"avia-animated-number av-32qx1s-a42d9ded0b7404ec4d95a00c679c3701 av-force-default-color avia_animate_when_visible  avia-builder-el-10  avia-builder-el-no-sibling  numaralar numaralar avia-color-font-custom \" data-timer=\"3000\"><strong class=\"heading avia-animated-number-title\"><span class=\"avia-single-number __av-single-number\" data-number_format=\"\" data-number=\"760\" data-start_from=\"0\">760<\/span><span class=\"avia-no-number\">+<\/span><\/strong><div class=\"avia-animated-number-content\"><p>M\u00dc\u015eTER\u0130<\/p>\n<\/div><\/div><\/div><div  class='flex_column av-av_one_full-59f4f3ca8c728b582fe843b765b06adc av_one_full  avia-builder-el-11  el_after_av_one_third  avia-builder-el-last  first flex_column_div  column-top-margin'     ><style type=\"text\/css\" data-created_by=\"avia_inline_auto\" id=\"style-css-av-mj1hc547-8c6c9218ffeaf005237b47cc582203b6\">\n#top .av-special-heading.av-mj1hc547-8c6c9218ffeaf005237b47cc582203b6{\npadding-bottom:10px;\ncolor:#000000;\nfont-size:50px;\n}\nbody .av-special-heading.av-mj1hc547-8c6c9218ffeaf005237b47cc582203b6 .av-special-heading-tag .heading-char{\nfont-size:25px;\n}\n#top #wrap_all .av-special-heading.av-mj1hc547-8c6c9218ffeaf005237b47cc582203b6 .av-special-heading-tag{\nfont-size:50px;\n}\n.av-special-heading.av-mj1hc547-8c6c9218ffeaf005237b47cc582203b6 .special-heading-inner-border{\nborder-color:#000000;\n}\n.av-special-heading.av-mj1hc547-8c6c9218ffeaf005237b47cc582203b6 .av-subheading{\nfont-size:15px;\n}\n\n@media only screen and (min-width: 480px) and (max-width: 767px){ \n#top #wrap_all .av-special-heading.av-mj1hc547-8c6c9218ffeaf005237b47cc582203b6 .av-special-heading-tag{\nfont-size:0.8em;\n}\n}\n\n@media only screen and (max-width: 479px){ \n#top #wrap_all .av-special-heading.av-mj1hc547-8c6c9218ffeaf005237b47cc582203b6 .av-special-heading-tag{\nfont-size:0.8em;\n}\n}\n<\/style>\n<div  id=\"girisbaslik\"  class='av-special-heading av-mj1hc547-8c6c9218ffeaf005237b47cc582203b6 av-special-heading-h3 custom-color-heading blockquote modern-quote modern-centered  avia-builder-el-12  avia-builder-el-no-sibling  girisbaslik av-inherit-size'><h3 class='av-special-heading-tag '  itemprop=\"headline\"  ><span class='special_amp'>&#8220;<\/span>Daha G\u00fcvenli Bir D\u00fcnya i\u00e7in \u00c7\u00f6z\u00fcmler<span class='special_amp'>\u201d<\/span><\/h3><div class=\"special-heading-border\"><div class=\"special-heading-inner-border\"><\/div><\/div><\/div><\/div><\/div><\/div><\/main><!-- close content main element --><\/div><\/div><div id='av_section_2'  class='avia-section av-1xvq34-7fc1f02fa559325995321b07c65d421a main_color avia-section-no-padding avia-no-border-styling  avia-builder-el-13  el_after_av_section  avia-builder-el-last  avia-bg-style-scroll container_wrap fullsize'  ><div class='container av-section-cont-open' ><div class='template-page content  av-content-full alpha units'><div class='post-entry post-entry-type-page post-entry-3648'><div class='entry-content-wrapper clearfix'>\n\n<style type=\"text\/css\" data-created_by=\"avia_inline_auto\" id=\"style-css-av-mj1ha8df-9c35f675b044eb90c4110a659f934171\">\n.flex_column.av-mj1ha8df-9c35f675b044eb90c4110a659f934171{\npadding:0 15% 0 15%;\n}\n<\/style>\n<div  class='flex_column av-mj1ha8df-9c35f675b044eb90c4110a659f934171 av_one_full  avia-builder-el-14  avia-builder-el-no-sibling  first flex_column_div  '     ><style type=\"text\/css\" data-created_by=\"avia_inline_auto\" id=\"style-css-av-mj1hcru2-e41aa1d88b88f7db0838b62e9d5d33a5\">\n#top .av_textblock_section.av-mj1hcru2-e41aa1d88b88f7db0838b62e9d5d33a5 .avia_textblock{\ntext-align:justify;\n}\n<\/style>\n<section  class='av_textblock_section av-mj1hcru2-e41aa1d88b88f7db0838b62e9d5d33a5 '   itemscope=\"itemscope\" itemtype=\"https:\/\/schema.org\/CreativeWork\" ><div class='avia_textblock'  itemprop=\"text\" ><p>ABS, yerli sermaye ile kurulmu\u015f, b\u00fcnyesinde bar\u0131nd\u0131rd\u0131\u011f\u0131 \u00fc\u00e7 farkl\u0131 \u015firketi, 1300 den fazla \u00e7al\u0131\u015fan\u0131, d\u00f6rt b\u00f6lge m\u00fcd\u00fcrl\u00fc\u011f\u00fc, 11 ile yay\u0131lm\u0131\u015f hizmet a\u011f\u0131 ile T\u00fcrkiye\u2019nin \u00f6nde gelen g\u00fcvenlik \u015firketlerinden biridir. 2000 y\u0131l\u0131ndan beri Elektronik g\u00fcvenlik sistemleri, 2002 y\u0131l\u0131ndan itibaren de \u00d6zel g\u00fcvenlik alan\u0131nda hizmetlerini s\u00fcrd\u00fcrmektedir. ABS bug\u00fcn T\u00fcrkiye\u2019nin \u00f6nde gelen firmalar\u0131n\u0131n ve kurulu\u015flar\u0131n\u0131n hem elektronik hem de 5188 Say\u0131l\u0131 \u00d6zel G\u00fcvenlik Hizmetlerine Dair Kanun \u00e7er\u00e7evesinde \u00f6zel g\u00fcvenlik hizmetini yerine getirmektedir. \u0130zmir\u2019in ikinci b\u00fcy\u00fck organizasyonu olan Universiade 2005 olimpiyatlar\u0131n\u0131n 703 ki\u015fi ile g\u00fcvenli\u011fini ba\u015far\u0131 ile sa\u011flayarak hakl\u0131 bir gurur elde etmi\u015ftir. G\u00fcvenlik dan\u0131\u015fmanl\u0131\u011f\u0131n\u0131n yan\u0131 s\u0131ra, fabrika ve i\u015fyerleri i\u00e7in proje bazl\u0131 personel destek hizmeti sunmaktad\u0131r. ABS, TSE ISO 9001:2000 Kalite Y\u00f6netim Sistemi belgesi yan\u0131 s\u0131ra Hizmet Yeri Yeterlilik belgesi ile hizmet kalitesini ispatlam\u0131\u015ft\u0131r.<\/p>\n<p>ABS Risk \u00d6zel G\u00fcvenlik Sis. ve E\u011ft. Hiz. San. Tic. A.\u015e. 2002 y\u0131l\u0131nda \u00fclkemiz g\u00fcvenlik sekt\u00f6r\u00fcndeki e\u011fitim a\u00e7\u0131\u011f\u0131n\u0131 g\u00f6z \u00f6n\u00fcne alarak, M\u00fc\u015fteri memnuniyetine dayal\u0131, kaliteli ve do\u011fru hizmetin verilebilmesi i\u00e7in; yetenekli, gen\u00e7 bir kadronun, deneyimli, kendisini sekt\u00f6rde kan\u0131tlam\u0131\u015f profesyonellerle birle\u015ftirilmesi sonucunda sadece G\u00fcvenlik Hizmeti vermek \u00fczere hizmete ba\u015flam\u0131\u015ft\u0131r. \u0130\u00e7 \u0130\u015fleri Bakanl\u0131\u011f\u0131 \u00d6zel G\u00fcvenlik Faaliyet Belgesine sahip \u015eirketimiz Kalite Politikas\u0131 kabul kriterlerini e\u011fitim ve denetleme olu\u015fturmaktad\u0131r.<\/p>\n<p>Buna dayal\u0131 olarak TS-EN-ISO 9001:2000 ve Hizmet Yeri Yeterlilik Belgelerine sahip kurulu\u015fumuz Kocaeli \u00dcniversitesi ile imzalam\u0131\u015f oldu\u011fu Protokol do\u011frultusunda \u00fcniversite e\u011fitimiyle paralel bir E\u011fitim Sistemi olu\u015fturmu\u015ftur. 5188 Say\u0131l\u0131 \u00d6zel G\u00fcvenlik Hizmetlerine Dair Kanun kapsam\u0131nda, G\u00fcvenlik Sekt\u00f6r\u00fcnde hizmet veren ABS R\u0130SK \u00d6ZEL G\u00dcVENL\u0130K T\u00fcrkiye genelinde B\u00f6lge M\u00fcd\u00fcrl\u00fckleri ile yayg\u0131nla\u015fmay\u0131 hedeflemi\u015ftir. Bu amaca y\u00f6nelik \u0130stanbul, \u0130zmir, Bursa, Elaz\u0131\u011f, Denizli B\u00f6lge M\u00fcd\u00fcrl\u00fckleri ile K\u0131rklareli\u2019den Amasya\u2019ya kadar faaliyet g\u00f6stermektedir. Kurulu\u015fumuz bu sekt\u00f6rde \u00e7izmi\u015f oldu\u011fu yoldan sapmadan, G\u00fcvenilir ve Dinamik Personel yap\u0131s\u0131 ile k\u0131sa ge\u00e7mi\u015fine ra\u011fmen bini a\u015fk\u0131n g\u00fcvenlik personeli istihdam ederek bu g\u00fcne ula\u015fm\u0131\u015ft\u0131r ve istikrarl\u0131 b\u00fcy\u00fcmesine devam etmektedir. G\u00fcvenli\u011fin ayr\u0131lmaz bir par\u00e7as\u0131 olan elektronik g\u00fcvenlik alan\u0131nda da firmam\u0131z e\u011fitimli teknik kadrosu ve kulland\u0131\u011f\u0131 se\u00e7kin marka cihazlar\u0131 ile kaliteli hizmet sunmaktad\u0131r.<\/p>\n<p>E\u011fitimli ve profesyonel kadromuz tesisinize uygun projelendirmeyi yapt\u0131ktan sonra ihtiyac\u0131n\u0131za cevap verecek g\u00fcvenlik sistemlerini garantili olarak kurmakta, kullan\u0131m d\u0131\u015f\u0131 kalm\u0131\u015f sistemleri revize etmekte ve modernle\u015ftirmekte, mevcut olan cihazlar\u0131n\u0131z\u0131n bak\u0131mlar\u0131n\u0131 periyodik olarak yapmaktad\u0131r. Sekt\u00f6r\u00fcnde lider elektronik g\u00fcvenlik cihazlar\u0131 markalar\u0131n ana bayili\u011fine sahip olan firmam\u0131z \u00fcretimin yan\u0131 s\u0131ra yapmakta oldu\u011fu ithalatlarla da bayilerine ve son t\u00fcketiciye hizmet vermektedir<\/p>\n<\/div><\/section><\/div><\/p>\n","protected":false},"excerpt":{"rendered":"","protected":false},"author":1,"featured_media":0,"parent":0,"menu_order":0,"comment_status":"closed","ping_status":"closed","template":"","meta":{"footnotes":""},"class_list":["post-3648","page","type-page","status-publish","hentry"],"_links":{"self":[{"href":"https:\/\/localveri.net\/abs\/wp-json\/wp\/v2\/pages\/3648","targetHints":{"allow":["GET"]}}],"collection":[{"href":"https:\/\/localveri.net\/abs\/wp-json\/wp\/v2\/pages"}],"about":[{"href":"https:\/\/localveri.net\/abs\/wp-json\/wp\/v2\/types\/page"}],"author":[{"embeddable":true,"href":"https:\/\/localveri.net\/abs\/wp-json\/wp\/v2\/users\/1"}],"replies":[{"embeddable":true,"href":"https:\/\/localveri.net\/abs\/wp-json\/wp\/v2\/comments?post=3648"}],"version-history":[{"count":13,"href":"https:\/\/localveri.net\/abs\/wp-json\/wp\/v2\/pages\/3648\/revisions"}],"predecessor-version":[{"id":5069,"href":"https:\/\/localveri.net\/abs\/wp-json\/wp\/v2\/pages\/3648\/revisions\/5069"}],"wp:attachment":[{"href":"https:\/\/localveri.net\/abs\/wp-json\/wp\/v2\/media?parent=3648"}],"curies":[{"name":"wp","href":"https:\/\/api.w.org\/{rel}","templated":true}]}}