{"id":4554,"date":"2025-11-17T15:28:22","date_gmt":"2025-11-17T12:28:22","guid":{"rendered":"https:\/\/localveri.net\/abs\/?page_id=4554"},"modified":"2025-12-11T16:21:24","modified_gmt":"2025-12-11T13:21:24","slug":"izinsiz-giris-korumasi","status":"publish","type":"page","link":"https:\/\/localveri.net\/abs\/izinsiz-giris-korumasi\/","title":{"rendered":"\u0130zinsiz giri\u015f korumas\u0131"},"content":{"rendered":"\n<style type=\"text\/css\" data-created_by=\"avia_inline_auto\" id=\"style-css-av-6908ga-e451b46628746610ad0b43d021a2afcf\">\n.avia-section.av-6908ga-e451b46628746610ad0b43d021a2afcf{\nbackground-color:#f9f8f6;\nbackground-image:unset;\n}\n<\/style>\n<div id='av_section_1'  class='avia-section av-6908ga-e451b46628746610ad0b43d021a2afcf main_color avia-section-huge avia-no-border-styling  avia-builder-el-0  el_before_av_section  avia-builder-el-first  avia-bg-style-scroll container_wrap fullsize'  ><div class='container av-section-cont-open' ><main  role=\"main\" itemprop=\"mainContentOfPage\"  class='template-page content  av-content-full alpha units'><div class='post-entry post-entry-type-page post-entry-4554'><div class='entry-content-wrapper clearfix'>\n<div class='flex_column_table av-41r0ei-e62a6848a8a0e029b9d4e5b5441b74bf sc-av_one_half av-equal-height-column-flextable'>\n<style type=\"text\/css\" data-created_by=\"avia_inline_auto\" id=\"style-css-av-41r0ei-e62a6848a8a0e029b9d4e5b5441b74bf\">\n.flex_column.av-41r0ei-e62a6848a8a0e029b9d4e5b5441b74bf{\nwidth:49.25%;\nmargin-left:0;\n}\n#top .flex_column_table.av-equal-height-column-flextable.av-41r0ei-e62a6848a8a0e029b9d4e5b5441b74bf .av-flex-placeholder{\nwidth:1.5%;\n}\n<\/style>\n<div  class='flex_column av-41r0ei-e62a6848a8a0e029b9d4e5b5441b74bf av_one_half  avia-builder-el-1  el_before_av_one_half  avia-builder-el-first  first flex_column_table_cell av-equal-height-column av-align-bottom av-animated-generic bottom-to-top  '     ><style type=\"text\/css\" data-created_by=\"avia_inline_auto\" id=\"style-css-av-mj1gkgfb-d1f17f2dacec4ba995a3bc45045e0dda\">\n#top .av-special-heading.av-mj1gkgfb-d1f17f2dacec4ba995a3bc45045e0dda{\npadding-bottom:10px;\ncolor:#000000;\nfont-size:50px;\n}\nbody .av-special-heading.av-mj1gkgfb-d1f17f2dacec4ba995a3bc45045e0dda .av-special-heading-tag .heading-char{\nfont-size:25px;\n}\n#top #wrap_all .av-special-heading.av-mj1gkgfb-d1f17f2dacec4ba995a3bc45045e0dda .av-special-heading-tag{\nfont-size:50px;\n}\n.av-special-heading.av-mj1gkgfb-d1f17f2dacec4ba995a3bc45045e0dda .special-heading-inner-border{\nborder-color:#000000;\n}\n.av-special-heading.av-mj1gkgfb-d1f17f2dacec4ba995a3bc45045e0dda .av-subheading{\nfont-size:16px;\ncolor:#000000;\n}\n\n@media only screen and (min-width: 480px) and (max-width: 767px){ \n#top #wrap_all .av-special-heading.av-mj1gkgfb-d1f17f2dacec4ba995a3bc45045e0dda .av-special-heading-tag{\nfont-size:0.8em;\n}\n}\n\n@media only screen and (max-width: 479px){ \n#top #wrap_all .av-special-heading.av-mj1gkgfb-d1f17f2dacec4ba995a3bc45045e0dda .av-special-heading-tag{\nfont-size:0.8em;\n}\n}\n<\/style>\n<div  id=\"yanbaslik\"  class='av-special-heading av-mj1gkgfb-d1f17f2dacec4ba995a3bc45045e0dda av-special-heading-h3 custom-color-heading blockquote modern-quote  avia-builder-el-2  avia-builder-el-no-sibling  yanacek av-inherit-size'><h3 class='av-special-heading-tag '  itemprop=\"headline\"  >\u0130zinsiz giri\u015f korumas\u0131<\/h3><div class='av_custom_color av-subheading av-subheading_below'><p>Kablolu ve kablosuz izinsiz giri\u015f korumas\u0131 cihazlar\u0131<\/p>\n<\/div><div class=\"special-heading-border\"><div class=\"special-heading-inner-border\"><\/div><\/div><\/div><\/div><div class='av-flex-placeholder'><\/div>\n<style type=\"text\/css\" data-created_by=\"avia_inline_auto\" id=\"style-css-av-1xuvx6-2383af0f69dfa1701ee9c409bb571610\">\n.flex_column.av-1xuvx6-2383af0f69dfa1701ee9c409bb571610{\nwidth:49.25%;\nmargin-left:0;\n}\n#top .flex_column_table.av-equal-height-column-flextable.av-1xuvx6-2383af0f69dfa1701ee9c409bb571610 .av-flex-placeholder{\nwidth:1.5%;\n}\n<\/style>\n<div  class='flex_column av-1xuvx6-2383af0f69dfa1701ee9c409bb571610 av_one_half  avia-builder-el-3  el_after_av_one_half  avia-builder-el-last  flex_column_table_cell av-equal-height-column av-align-bottom av-animated-generic bottom-to-top  '     ><section  class='av_textblock_section av-mj1gl9sj-a8f1aa0e10282967dfba952b6b4831ba '   itemscope=\"itemscope\" itemtype=\"https:\/\/schema.org\/CreativeWork\" ><div class='avia_textblock'  itemprop=\"text\" ><p>\u0130zinsiz giri\u015f koruma sistemleri; kap\u0131, pencere, hareket ve cam k\u0131r\u0131lma gibi tehditleri an\u0131nda alg\u0131layan profesyonel kablosuz ve kablolu dedekt\u00f6rlerden olu\u015fur. Baseline serisi h\u0131zl\u0131 kurulum ve geni\u015f kullan\u0131m i\u00e7in geli\u015ftirilirken, Superior serisi en y\u00fcksek g\u00fcvenlik standartlar\u0131n\u0131 kar\u015f\u0131layan ileri seviye \u00e7\u00f6z\u00fcmler sunar. T\u00fcm cihazlar hub ile ileti\u015fim kurarak kullan\u0131c\u0131ya anl\u0131k uyar\u0131lar g\u00f6nderir ve 7\/24 kesintisiz koruma sa\u011flar.<\/p>\n<\/div><\/section><\/div><\/div><!--close column table wrapper. Autoclose: 1 -->\n\n<\/div><\/div><\/main><!-- close content main element --><\/div><\/div><div id='av_section_2'  class='avia-section av-mi34o99n-94cfb5bbaa83b1b5dc964d1568911f7d main_color avia-section-default avia-no-border-styling  avia-builder-el-5  el_after_av_section  avia-builder-el-last  avia-bg-style-scroll container_wrap fullsize'  ><div class='container av-section-cont-open' ><div class='template-page content  av-content-full alpha units'><div class='post-entry post-entry-type-page post-entry-4554'><div class='entry-content-wrapper clearfix'>\n<div id='av-masonry-1' class='av-masonry av-2ktkq2-9043db4cdb29253751b592c55b55e355 noHover av-flex-size av-large-gap av-hover-overlay-active av-masonry-animation-active av-masonry-col-4 av-caption-always av-caption-style- av-masonry-entries ' data-post_id=\"4554\"><div class=\"av-masonry-container isotope av-js-disabled\"><div class='av-masonry-entry isotope-item av-masonry-item-no-image all_sort urunler_sort '><\/div><a href=\"https:\/\/localveri.net\/abs\/portfolio-item\/hub-kontrol-paneli\/\"  id='av-masonry-1-item-4872' data-av-masonry-item='4872' class='av-masonry-entry isotope-item post-4872 portfolio type-portfolio status-publish has-post-thumbnail hentry portfolio_entries-urunler all_sort urunler_sort  av-masonry-item-with-image' title=\"abs-hub\"   itemscope=\"itemscope\" itemtype=\"https:\/\/schema.org\/CreativeWork\" ><div class='av-inner-masonry-sizer'><\/div><figure class='av-inner-masonry main_color'><div class=\"av-masonry-outerimage-container\"><div class='av-masonry-image-container'  ><img decoding=\"async\" width=\"626\" height=\"626\" fetchpriority=\"high\" class=\"wp-image-4873 avia-img-lazy-loading-not-4873\"  src=\"https:\/\/localveri.net\/abs\/wp-content\/uploads\/2025\/12\/abs-hub.jpg\" title=\"abs-hub\" alt=\"\" srcset=\"https:\/\/localveri.net\/abs\/wp-content\/uploads\/2025\/12\/abs-hub.jpg 626w, https:\/\/localveri.net\/abs\/wp-content\/uploads\/2025\/12\/abs-hub-300x300.jpg 300w, https:\/\/localveri.net\/abs\/wp-content\/uploads\/2025\/12\/abs-hub-80x80.jpg 80w, https:\/\/localveri.net\/abs\/wp-content\/uploads\/2025\/12\/abs-hub-36x36.jpg 36w, https:\/\/localveri.net\/abs\/wp-content\/uploads\/2025\/12\/abs-hub-180x180.jpg 180w\" sizes=\"(max-width: 626px) 100vw, 626px\" \/><\/div><\/div><figcaption class='av-inner-masonry-content site-background'><div class='av-inner-masonry-content-pos'><div class='av-inner-masonry-content-pos-content'><div class='avia-arrow'><\/div><h3 class='av-masonry-entry-title entry-title '  itemprop=\"headline\" >Hub \u2013 Kontrol Paneli Siyah \/ Beyaz<\/h3><div class='av-masonry-entry-content entry-content'  itemprop=\"text\" >ABS CONTROL sisteminin merkezini olu\u015fturan Hub, dedekt\u00f6r ve sens\u00f6rlerden gelen verileri analiz ederek a\u00e7\u0131k kap\u0131\/pencere, cam k\u0131r\u0131lmas\u0131, yang\u0131n ve su bask\u0131n\u0131 gibi durumlarda kullan\u0131c\u0131y\u0131 anl\u0131k olarak bilgilendirir. H\u0131rs\u0131zl\u0131k giri\u015fimlerinde izleme merkezine sinyal g\u00f6nderir ve kameral\u0131 dedekt\u00f6r sayesinde g\u00f6rsel kan\u0131t sa\u011flar. 4.5G deste\u011fiyle y\u00fcksek h\u0131zl\u0131 ve g\u00fcvenilir veri aktar\u0131m\u0131 sunar. ABS CONTROL \u0130zleme Merkezi \u00fczerinden 7\/24 profesyonel g\u00fcvenlik deste\u011fi sa\u011flanabilir.<\/div><\/div><\/div><\/figcaption><\/figure><\/a><!--end av-masonry entry--><a href=\"https:\/\/localveri.net\/abs\/portfolio-item\/repeater-menzil-artirici-siyah-beyaz\/\"  id='av-masonry-1-item-4882' data-av-masonry-item='4882' class='av-masonry-entry isotope-item post-4882 portfolio type-portfolio status-publish has-post-thumbnail hentry portfolio_entries-urunler all_sort urunler_sort  av-masonry-item-with-image' title=\"abs-hub\"   itemscope=\"itemscope\" itemtype=\"https:\/\/schema.org\/CreativeWork\" ><div class='av-inner-masonry-sizer'><\/div><figure class='av-inner-masonry main_color'><div class=\"av-masonry-outerimage-container\"><div class='av-masonry-image-container'  ><img decoding=\"async\" width=\"626\" height=\"626\" fetchpriority=\"high\" class=\"wp-image-4873 avia-img-lazy-loading-not-4873\"  src=\"https:\/\/localveri.net\/abs\/wp-content\/uploads\/2025\/12\/abs-hub.jpg\" title=\"abs-hub\" alt=\"\" srcset=\"https:\/\/localveri.net\/abs\/wp-content\/uploads\/2025\/12\/abs-hub.jpg 626w, https:\/\/localveri.net\/abs\/wp-content\/uploads\/2025\/12\/abs-hub-300x300.jpg 300w, https:\/\/localveri.net\/abs\/wp-content\/uploads\/2025\/12\/abs-hub-80x80.jpg 80w, https:\/\/localveri.net\/abs\/wp-content\/uploads\/2025\/12\/abs-hub-36x36.jpg 36w, https:\/\/localveri.net\/abs\/wp-content\/uploads\/2025\/12\/abs-hub-180x180.jpg 180w\" sizes=\"(max-width: 626px) 100vw, 626px\" \/><\/div><\/div><figcaption class='av-inner-masonry-content site-background'><div class='av-inner-masonry-content-pos'><div class='av-inner-masonry-content-pos-content'><div class='avia-arrow'><\/div><h3 class='av-masonry-entry-title entry-title '  itemprop=\"headline\" >Repeater (Menzil Art\u0131r\u0131c\u0131) Siyah \/ Beyaz<\/h3><div class='av-masonry-entry-content entry-content'  itemprop=\"text\" >ABS CONTROL sistemine ba\u011fl\u0131 t\u00fcm cihazlar\u0131n ileti\u015fim kapsama alan\u0131n\u0131 art\u0131rmak i\u00e7in geli\u015ftirilmi\u015f sinyal tekrarlay\u0131c\u0131d\u0131r. \u00c7ok katl\u0131 binalar, geni\u015f evler ve sanayi alanlar\u0131nda sistemin merkezle kesintisiz ba\u011flant\u0131s\u0131n\u0131 s\u00fcrd\u00fcrmesini sa\u011flar. Sisteme 5 repeater eklenerek kapsama alan\u0131 geni\u015fletilebilir.<\/div><\/div><\/div><\/figcaption><\/figure><\/a><!--end av-masonry entry--><a href=\"https:\/\/localveri.net\/abs\/portfolio-item\/kamerali-hareket-dedektoru-siyah-beyaz\/\"  id='av-masonry-1-item-4886' data-av-masonry-item='4886' class='av-masonry-entry isotope-item post-4886 portfolio type-portfolio status-publish has-post-thumbnail hentry portfolio_entries-urunler all_sort urunler_sort  av-masonry-item-with-image' title=\"hareket-dedktoru-kamerali\"   itemscope=\"itemscope\" itemtype=\"https:\/\/schema.org\/CreativeWork\" ><div class='av-inner-masonry-sizer'><\/div><figure class='av-inner-masonry main_color'><div class=\"av-masonry-outerimage-container\"><div class='av-masonry-image-container'  ><img decoding=\"async\" width=\"626\" height=\"626\" fetchpriority=\"high\" class=\"wp-image-4887 avia-img-lazy-loading-not-4887\"  src=\"https:\/\/localveri.net\/abs\/wp-content\/uploads\/2025\/12\/hareket-dedktoru-kamerali.jpg\" title=\"hareket-dedktoru-kamerali\" alt=\"\" srcset=\"https:\/\/localveri.net\/abs\/wp-content\/uploads\/2025\/12\/hareket-dedktoru-kamerali.jpg 626w, https:\/\/localveri.net\/abs\/wp-content\/uploads\/2025\/12\/hareket-dedktoru-kamerali-300x300.jpg 300w, https:\/\/localveri.net\/abs\/wp-content\/uploads\/2025\/12\/hareket-dedktoru-kamerali-80x80.jpg 80w, https:\/\/localveri.net\/abs\/wp-content\/uploads\/2025\/12\/hareket-dedktoru-kamerali-36x36.jpg 36w, https:\/\/localveri.net\/abs\/wp-content\/uploads\/2025\/12\/hareket-dedktoru-kamerali-180x180.jpg 180w\" sizes=\"(max-width: 626px) 100vw, 626px\" \/><\/div><\/div><figcaption class='av-inner-masonry-content site-background'><div class='av-inner-masonry-content-pos'><div class='av-inner-masonry-content-pos-content'><div class='avia-arrow'><\/div><h3 class='av-masonry-entry-title entry-title '  itemprop=\"headline\" >Kameral\u0131 Hareket Dedekt\u00f6r\u00fc Siyah \/ Beyaz<\/h3><div class='av-masonry-entry-content entry-content'  itemprop=\"text\" >\u0130\u00e7 mekanlarda kullan\u0131lmak \u00fczere tasarlanan kablosuz hareket dedekt\u00f6r\u00fc, 12 metreye kadar alg\u0131lama mesafesine sahiptir. Evcil hayvanlar\u0131 alg\u0131lamayacak \u015fekilde kurulabilir. Hub ile iki \u00f6zel protokol \u00fczerinden haberle\u015fir: Alarm ve Olay \u0130letimi, Foto\u011fraf \u0130letimi, A\u00e7\u0131k ortamda 1.700 metreye kadar ileti\u015fim mesafesi sunar.<\/div><\/div><\/div><\/figcaption><\/figure><\/a><!--end av-masonry entry--><a href=\"https:\/\/localveri.net\/abs\/portfolio-item\/hareket-dedektoru-siyah-beyaz\/\"  id='av-masonry-1-item-4889' data-av-masonry-item='4889' class='av-masonry-entry isotope-item post-4889 portfolio type-portfolio status-publish has-post-thumbnail hentry portfolio_entries-urunler all_sort urunler_sort  av-masonry-item-with-image' title=\"hareket-dedktoru\"   itemscope=\"itemscope\" itemtype=\"https:\/\/schema.org\/CreativeWork\" ><div class='av-inner-masonry-sizer'><\/div><figure class='av-inner-masonry main_color'><div class=\"av-masonry-outerimage-container\"><div class='av-masonry-image-container'  ><img decoding=\"async\" width=\"626\" height=\"626\" fetchpriority=\"high\" class=\"wp-image-4890 avia-img-lazy-loading-not-4890\"  src=\"https:\/\/localveri.net\/abs\/wp-content\/uploads\/2025\/12\/hareket-dedktoru.jpg\" title=\"hareket-dedktoru\" alt=\"\" srcset=\"https:\/\/localveri.net\/abs\/wp-content\/uploads\/2025\/12\/hareket-dedktoru.jpg 626w, https:\/\/localveri.net\/abs\/wp-content\/uploads\/2025\/12\/hareket-dedktoru-300x300.jpg 300w, https:\/\/localveri.net\/abs\/wp-content\/uploads\/2025\/12\/hareket-dedktoru-80x80.jpg 80w, https:\/\/localveri.net\/abs\/wp-content\/uploads\/2025\/12\/hareket-dedktoru-36x36.jpg 36w, https:\/\/localveri.net\/abs\/wp-content\/uploads\/2025\/12\/hareket-dedktoru-180x180.jpg 180w\" sizes=\"(max-width: 626px) 100vw, 626px\" \/><\/div><\/div><figcaption class='av-inner-masonry-content site-background'><div class='av-inner-masonry-content-pos'><div class='av-inner-masonry-content-pos-content'><div class='avia-arrow'><\/div><h3 class='av-masonry-entry-title entry-title '  itemprop=\"headline\" >Hareket Dedekt\u00f6r\u00fc Siyah \/ Beyaz<\/h3><div class='av-masonry-entry-content entry-content'  itemprop=\"text\" >112 metrekarelik alan\u0131 88,5\u00b0 a\u00e7\u0131yla izleyen i\u00e7 mekan dedekt\u00f6r\u00fc, insan hareketini ilk ad\u0131mdan itibaren alg\u0131lar. K\u00fc\u00e7\u00fck evcil hayvanlar\u0131 yok sayacak \u015fekilde yap\u0131land\u0131r\u0131lm\u0131\u015ft\u0131r. Kablosuz ileti\u015fim protokol\u00fcyle sisteme ba\u011flan\u0131r, a\u00e7\u0131k alanda 1.700 metreye kadar kablosuz ileti\u015fim sa\u011flar.<\/div><\/div><\/div><\/figcaption><\/figure><\/a><!--end av-masonry entry--><a href=\"https:\/\/localveri.net\/abs\/portfolio-item\/dis-ortam-hareket-dedektoru\/\"  id='av-masonry-1-item-4892' data-av-masonry-item='4892' class='av-masonry-entry isotope-item post-4892 portfolio type-portfolio status-publish has-post-thumbnail hentry portfolio_entries-urunler all_sort urunler_sort  av-masonry-item-with-image' title=\"hareket-dedktoru\"   itemscope=\"itemscope\" itemtype=\"https:\/\/schema.org\/CreativeWork\" ><div class='av-inner-masonry-sizer'><\/div><figure class='av-inner-masonry main_color'><div class=\"av-masonry-outerimage-container\"><div class='av-masonry-image-container'  ><img decoding=\"async\" width=\"626\" height=\"626\" fetchpriority=\"high\" class=\"wp-image-4890 avia-img-lazy-loading-not-4890\"  src=\"https:\/\/localveri.net\/abs\/wp-content\/uploads\/2025\/12\/hareket-dedktoru.jpg\" title=\"hareket-dedktoru\" alt=\"\" srcset=\"https:\/\/localveri.net\/abs\/wp-content\/uploads\/2025\/12\/hareket-dedktoru.jpg 626w, https:\/\/localveri.net\/abs\/wp-content\/uploads\/2025\/12\/hareket-dedktoru-300x300.jpg 300w, https:\/\/localveri.net\/abs\/wp-content\/uploads\/2025\/12\/hareket-dedktoru-80x80.jpg 80w, https:\/\/localveri.net\/abs\/wp-content\/uploads\/2025\/12\/hareket-dedktoru-36x36.jpg 36w, https:\/\/localveri.net\/abs\/wp-content\/uploads\/2025\/12\/hareket-dedktoru-180x180.jpg 180w\" sizes=\"(max-width: 626px) 100vw, 626px\" \/><\/div><\/div><figcaption class='av-inner-masonry-content site-background'><div class='av-inner-masonry-content-pos'><div class='av-inner-masonry-content-pos-content'><div class='avia-arrow'><\/div><h3 class='av-masonry-entry-title entry-title '  itemprop=\"headline\" >D\u0131\u015f Ortam Hareket Dedekt\u00f6r\u00fc<\/h3><div class='av-masonry-entry-content entry-content'  itemprop=\"text\" >15 metreye kadar ayarlanabilir alg\u0131lama mesafesi sunan d\u0131\u015f mekan hareket dedekt\u00f6r\u00fc, kablosuz yap\u0131s\u0131yla esnek kurulum imk\u00e2n\u0131 sunar. Anti-maskeleme \u00f6zelli\u011fi, g\u00f6r\u00fc\u015f alan\u0131n\u0131 kapatma giri\u015fimlerini alg\u0131lar. 80 cm\u2019ye kadar olan hayvanlar\u0131 yok sayacak \u015fekilde yap\u0131land\u0131r\u0131labilir. Kablosuz ileti\u015fim protokol\u00fcyle hub\u2019a ba\u011flan\u0131r ve a\u00e7\u0131k ortamda 1.700 metreye kadar ileti\u015fim kurar<\/div><\/div><\/div><\/figcaption><\/figure><\/a><!--end av-masonry entry--><\/div><\/div>\n\n","protected":false},"excerpt":{"rendered":"","protected":false},"author":1,"featured_media":0,"parent":0,"menu_order":0,"comment_status":"closed","ping_status":"closed","template":"","meta":{"footnotes":""},"class_list":["post-4554","page","type-page","status-publish","hentry"],"_links":{"self":[{"href":"https:\/\/localveri.net\/abs\/wp-json\/wp\/v2\/pages\/4554","targetHints":{"allow":["GET"]}}],"collection":[{"href":"https:\/\/localveri.net\/abs\/wp-json\/wp\/v2\/pages"}],"about":[{"href":"https:\/\/localveri.net\/abs\/wp-json\/wp\/v2\/types\/page"}],"author":[{"embeddable":true,"href":"https:\/\/localveri.net\/abs\/wp-json\/wp\/v2\/users\/1"}],"replies":[{"embeddable":true,"href":"https:\/\/localveri.net\/abs\/wp-json\/wp\/v2\/comments?post=4554"}],"version-history":[{"count":32,"href":"https:\/\/localveri.net\/abs\/wp-json\/wp\/v2\/pages\/4554\/revisions"}],"predecessor-version":[{"id":4931,"href":"https:\/\/localveri.net\/abs\/wp-json\/wp\/v2\/pages\/4554\/revisions\/4931"}],"wp:attachment":[{"href":"https:\/\/localveri.net\/abs\/wp-json\/wp\/v2\/media?parent=4554"}],"curies":[{"name":"wp","href":"https:\/\/api.w.org\/{rel}","templated":true}]}}