{"id":4615,"date":"2025-11-18T14:44:55","date_gmt":"2025-11-18T11:44:55","guid":{"rendered":"https:\/\/localveri.net\/abs\/?page_id=4615"},"modified":"2026-03-06T09:32:34","modified_gmt":"2026-03-06T06:32:34","slug":"abs-control-alarm","status":"publish","type":"page","link":"https:\/\/localveri.net\/abs\/abs-control-alarm\/","title":{"rendered":"ABS Control Alarm"},"content":{"rendered":"\n<style type=\"text\/css\" data-created_by=\"avia_inline_auto\" id=\"style-css-av-mj1e1ad7-4ed9856a9e8b5b8a1271ff8f3ab9ed5a\">\n.avia-section.av-mj1e1ad7-4ed9856a9e8b5b8a1271ff8f3ab9ed5a{\nbackground-repeat:no-repeat;\nbackground-image:url(https:\/\/localveri.net\/abs\/wp-content\/uploads\/2025\/12\/isyeri111.jpg);\nbackground-position:50% 50%;\nbackground-attachment:scroll;\n}\n.avia-section.av-mj1e1ad7-4ed9856a9e8b5b8a1271ff8f3ab9ed5a .av-section-color-overlay{\nopacity:0.5;\n}\n<\/style>\n<div id='bild-buttons'  class='avia-section av-mj1e1ad7-4ed9856a9e8b5b8a1271ff8f3ab9ed5a main_color avia-section-default avia-no-border-styling  avia-builder-el-0  el_before_av_section  avia-builder-el-first  bild-buttons avia-full-stretch avia-bg-style-scroll av-section-color-overlay-active av-minimum-height av-minimum-height-100 av-height-100  container_wrap fullsize'  data-section-bg-repeat='stretch' data-av_minimum_height_pc='100' data-av_min_height_opt='100'><div class=\"av-section-color-overlay-wrap\"><div class=\"av-section-color-overlay\"><\/div><div class='container av-section-cont-open' ><main  role=\"main\" itemprop=\"mainContentOfPage\"  class='template-page content  av-content-full alpha units'><div class='post-entry post-entry-type-page post-entry-4615'><div class='entry-content-wrapper clearfix'>\n<div class='flex_column_table av-77tg8n-a75ba745b864520c29a43d37cd7f1a3d sc-av_three_fifth av-equal-height-column-flextable'>\n<style type=\"text\/css\" data-created_by=\"avia_inline_auto\" id=\"style-css-av-77tg8n-a75ba745b864520c29a43d37cd7f1a3d\">\n.flex_column.av-77tg8n-a75ba745b864520c29a43d37cd7f1a3d{\nwidth:59.4%;\nmargin-left:0;\n}\n#top .flex_column_table.av-equal-height-column-flextable.av-77tg8n-a75ba745b864520c29a43d37cd7f1a3d .av-flex-placeholder{\nwidth:1.5%;\n}\n<\/style>\n<div  class='flex_column av-77tg8n-a75ba745b864520c29a43d37cd7f1a3d av_three_fifth  avia-builder-el-1  el_before_av_two_fifth  avia-builder-el-first  first flex_column_table_cell av-equal-height-column av-align-bottom  '     ><style type=\"text\/css\" data-created_by=\"avia_inline_auto\" id=\"style-css-av-6aogpj-8e2794dbb06f71f3a99b52a6be46452c\">\n#top .av-special-heading.av-6aogpj-8e2794dbb06f71f3a99b52a6be46452c{\npadding-bottom:10px;\ncolor:#ffffff;\nfont-size:50px;\n}\nbody .av-special-heading.av-6aogpj-8e2794dbb06f71f3a99b52a6be46452c .av-special-heading-tag .heading-char{\nfont-size:25px;\n}\n#top #wrap_all .av-special-heading.av-6aogpj-8e2794dbb06f71f3a99b52a6be46452c .av-special-heading-tag{\nfont-size:50px;\n}\n.av-special-heading.av-6aogpj-8e2794dbb06f71f3a99b52a6be46452c .special-heading-inner-border{\nborder-color:#ffffff;\n}\n.av-special-heading.av-6aogpj-8e2794dbb06f71f3a99b52a6be46452c .av-subheading{\nfont-size:16px;\ncolor:#ffffff;\n}\n\n@media only screen and (min-width: 480px) and (max-width: 767px){ \n#top #wrap_all .av-special-heading.av-6aogpj-8e2794dbb06f71f3a99b52a6be46452c .av-special-heading-tag{\nfont-size:0.8em;\n}\n}\n\n@media only screen and (max-width: 479px){ \n#top #wrap_all .av-special-heading.av-6aogpj-8e2794dbb06f71f3a99b52a6be46452c .av-special-heading-tag{\nfont-size:0.8em;\n}\n}\n<\/style>\n<div  id=\"yanbaslik\"  class='av-special-heading av-6aogpj-8e2794dbb06f71f3a99b52a6be46452c av-special-heading-h3 custom-color-heading blockquote modern-quote  avia-builder-el-2  avia-builder-el-no-sibling  yanacekbeyaz av-inherit-size'><h3 class='av-special-heading-tag '  itemprop=\"headline\"  >G\u00fcvenli\u011finizin Ak\u0131ll\u0131 ve Kesintisiz g\u00fcc\u00fc ABS CONTROL\u2019le elinizin alt\u0131nda!<\/h3><div class=\"special-heading-border\"><div class=\"special-heading-inner-border\"><\/div><\/div><\/div><\/div><div class='av-flex-placeholder'><\/div>\n<style type=\"text\/css\" data-created_by=\"avia_inline_auto\" id=\"style-css-av-2bpuxj-3c5d6d0c3b4fa493a7180348bac085c1\">\n.flex_column.av-2bpuxj-3c5d6d0c3b4fa493a7180348bac085c1{\nwidth:39.1%;\nmargin-left:0;\n}\n#top .flex_column_table.av-equal-height-column-flextable.av-2bpuxj-3c5d6d0c3b4fa493a7180348bac085c1 .av-flex-placeholder{\nwidth:1.5%;\n}\n<\/style>\n<div  class='flex_column av-2bpuxj-3c5d6d0c3b4fa493a7180348bac085c1 av_two_fifth  avia-builder-el-3  el_after_av_three_fifth  avia-builder-el-last  flex_column_table_cell av-equal-height-column av-align-bottom  '     ><\/div><\/div><!--close column table wrapper. Autoclose: 1 -->\n\n<\/div><\/div><\/main><!-- close content main element --><\/div><\/div><\/div><div id='av_section_2'  class='avia-section av-2mbsxj-85699c5d286727b71d14821d7789424d main_color avia-section-default avia-no-border-styling  avia-builder-el-4  el_after_av_section  avia-builder-el-last  avia-bg-style-scroll container_wrap fullsize'  ><div class='container av-section-cont-open' ><div class='template-page content  av-content-full alpha units'><div class='post-entry post-entry-type-page post-entry-4615'><div class='entry-content-wrapper clearfix'>\n<div  class='flex_column av-4uwlxz-393d9d513078da067b5b3fc6a2c0cbce av_one_full  avia-builder-el-5  el_before_av_masonry_entries  avia-builder-el-no-sibling  first flex_column_div av-animated-generic bottom-to-top  '     ><style type=\"text\/css\" data-created_by=\"avia_inline_auto\" id=\"style-css-av-2na3hz-be297115c5e76d046c467fc686d2fe06\">\n#top .av-special-heading.av-2na3hz-be297115c5e76d046c467fc686d2fe06{\npadding-bottom:10px;\ncolor:#000000;\nfont-size:50px;\n}\nbody .av-special-heading.av-2na3hz-be297115c5e76d046c467fc686d2fe06 .av-special-heading-tag .heading-char{\nfont-size:25px;\n}\n#top #wrap_all .av-special-heading.av-2na3hz-be297115c5e76d046c467fc686d2fe06 .av-special-heading-tag{\nfont-size:50px;\n}\n.av-special-heading.av-2na3hz-be297115c5e76d046c467fc686d2fe06 .special-heading-inner-border{\nborder-color:#000000;\n}\n.av-special-heading.av-2na3hz-be297115c5e76d046c467fc686d2fe06 .av-subheading{\nfont-size:15px;\n}\n\n@media only screen and (min-width: 480px) and (max-width: 767px){ \n#top #wrap_all .av-special-heading.av-2na3hz-be297115c5e76d046c467fc686d2fe06 .av-special-heading-tag{\nfont-size:0.8em;\n}\n}\n\n@media only screen and (max-width: 479px){ \n#top #wrap_all .av-special-heading.av-2na3hz-be297115c5e76d046c467fc686d2fe06 .av-special-heading-tag{\nfont-size:0.8em;\n}\n}\n<\/style>\n<div  id=\"girisbaslik\"  class='av-special-heading av-2na3hz-be297115c5e76d046c467fc686d2fe06 av-special-heading-h3 custom-color-heading blockquote modern-quote modern-centered  avia-builder-el-6  el_before_av_textblock  avia-builder-el-first  girisbaslik av-inherit-size'><div class='av_custom_color av-subheading av-subheading_above'><div class=\"badge-box\"><span class=\"badge\">ABS Control<\/span><br \/>\n<span class=\"text\">Yeni nesil tehditlere ak\u0131ll\u0131 \u00e7\u00f6z\u00fcmler<\/span><\/div>\n<\/div><h3 class='av-special-heading-tag '  itemprop=\"headline\"  >Geli\u015fen tehditlere kar\u015f\u0131 uyumlu, ak\u0131ll\u0131 ve \u00f6l\u00e7eklenebilir g\u00fcvenlik \u00e7\u00f6z\u00fcmleri<\/h3><div class=\"special-heading-border\"><div class=\"special-heading-inner-border\"><\/div><\/div><\/div><br \/>\n\n<style type=\"text\/css\" data-created_by=\"avia_inline_auto\" id=\"style-css-av-mj1g6pch-cb287e4e3b03fcba0bbce0d47c2f6d4f\">\n#top .av_textblock_section.av-mj1g6pch-cb287e4e3b03fcba0bbce0d47c2f6d4f .avia_textblock{\ntext-align:center;\n}\n<\/style>\n<section  id=\"ortayazi\"  class='av_textblock_section av-mj1g6pch-cb287e4e3b03fcba0bbce0d47c2f6d4f '   itemscope=\"itemscope\" itemtype=\"https:\/\/schema.org\/CreativeWork\" ><div class='avia_textblock ortayazi'  itemprop=\"text\" ><p>ABS CONTROL, ya\u015fam alanlar\u0131n\u0131 ve i\u015fletmeleri daha g\u00fcvenli hale getirmek i\u00e7in geli\u015ftirilmi\u015f ak\u0131ll\u0131 g\u00fcvenlik \u00e7\u00f6z\u00fcmleri sunan yenilik\u00e7i bir teknolojidir. Alarm, kamera, hareket alg\u0131lama, ge\u00e7i\u015f kontrol ve izleme sistemlerini tek bir \u00e7at\u0131 alt\u0131nda birle\u015ftirerek kullan\u0131c\u0131lar\u0131na 7\/24 kesintisiz g\u00fcvenlik sa\u011flar.<\/p>\n<p>G\u00fc\u00e7l\u00fc altyap\u0131s\u0131, profesyonel destek ekibi ve ak\u0131ll\u0131 kontrol teknolojileriyle ABS CONTROL, g\u00fcvenli\u011fi kolay y\u00f6netilebilir, h\u0131zl\u0131 ve her an eri\u015filebilir bir deneyime d\u00f6n\u00fc\u015ft\u00fcr\u00fcr.<\/p>\n<\/div><\/section><\/p><\/div><div id='av-masonry-1' class='av-masonry av-mj1c2wfs-e6b44d646af5e1e5b9068bdb7b32cb3b noHover av-flex-size av-large-gap av-hover-overlay-active av-masonry-animation-active av-masonry-col-4 av-caption-always av-caption-style- av-masonry-entries ' data-post_id=\"4615\"><div class=\"av-masonry-container isotope av-js-disabled\"><div class='av-masonry-entry isotope-item av-masonry-item-no-image all_sort urunler_sort '><\/div><a href=\"https:\/\/localveri.net\/abs\/portfolio-item\/hub-kontrol-paneli\/\"  id='av-masonry-1-item-4872' data-av-masonry-item='4872' class='av-masonry-entry isotope-item post-4872 portfolio type-portfolio status-publish has-post-thumbnail hentry portfolio_entries-urunler all_sort urunler_sort  av-masonry-item-with-image' title=\"abs-hub\"   itemscope=\"itemscope\" itemtype=\"https:\/\/schema.org\/CreativeWork\" ><div class='av-inner-masonry-sizer'><\/div><figure class='av-inner-masonry main_color'><div class=\"av-masonry-outerimage-container\"><div class='av-masonry-image-container'  ><img decoding=\"async\" width=\"626\" height=\"626\" fetchpriority=\"high\" class=\"wp-image-4873 avia-img-lazy-loading-not-4873\"  src=\"https:\/\/localveri.net\/abs\/wp-content\/uploads\/2025\/12\/abs-hub.jpg\" title=\"abs-hub\" alt=\"\" srcset=\"https:\/\/localveri.net\/abs\/wp-content\/uploads\/2025\/12\/abs-hub.jpg 626w, https:\/\/localveri.net\/abs\/wp-content\/uploads\/2025\/12\/abs-hub-300x300.jpg 300w, https:\/\/localveri.net\/abs\/wp-content\/uploads\/2025\/12\/abs-hub-80x80.jpg 80w, https:\/\/localveri.net\/abs\/wp-content\/uploads\/2025\/12\/abs-hub-36x36.jpg 36w, https:\/\/localveri.net\/abs\/wp-content\/uploads\/2025\/12\/abs-hub-180x180.jpg 180w\" sizes=\"(max-width: 626px) 100vw, 626px\" \/><\/div><\/div><figcaption class='av-inner-masonry-content site-background'><div class='av-inner-masonry-content-pos'><div class='av-inner-masonry-content-pos-content'><div class='avia-arrow'><\/div><h3 class='av-masonry-entry-title entry-title '  itemprop=\"headline\" >Hub \u2013 Kontrol Paneli Siyah \/ Beyaz<\/h3><div class='av-masonry-entry-content entry-content'  itemprop=\"text\" >ABS CONTROL sisteminin merkezini olu\u015fturan Hub, dedekt\u00f6r ve sens\u00f6rlerden gelen verileri analiz ederek a\u00e7\u0131k kap\u0131\/pencere, cam k\u0131r\u0131lmas\u0131, yang\u0131n ve su bask\u0131n\u0131 gibi durumlarda kullan\u0131c\u0131y\u0131 anl\u0131k olarak bilgilendirir. H\u0131rs\u0131zl\u0131k giri\u015fimlerinde izleme merkezine sinyal g\u00f6nderir ve kameral\u0131 dedekt\u00f6r sayesinde g\u00f6rsel kan\u0131t sa\u011flar. 4.5G deste\u011fiyle y\u00fcksek h\u0131zl\u0131 ve g\u00fcvenilir veri aktar\u0131m\u0131 sunar. ABS CONTROL \u0130zleme Merkezi \u00fczerinden 7\/24 profesyonel g\u00fcvenlik deste\u011fi sa\u011flanabilir.<\/div><\/div><\/div><\/figcaption><\/figure><\/a><!--end av-masonry entry--><a href=\"https:\/\/localveri.net\/abs\/portfolio-item\/repeater-menzil-artirici-siyah-beyaz\/\"  id='av-masonry-1-item-4882' data-av-masonry-item='4882' class='av-masonry-entry isotope-item post-4882 portfolio type-portfolio status-publish has-post-thumbnail hentry portfolio_entries-urunler all_sort urunler_sort  av-masonry-item-with-image' title=\"abs-hub\"   itemscope=\"itemscope\" itemtype=\"https:\/\/schema.org\/CreativeWork\" ><div class='av-inner-masonry-sizer'><\/div><figure class='av-inner-masonry main_color'><div class=\"av-masonry-outerimage-container\"><div class='av-masonry-image-container'  ><img decoding=\"async\" width=\"626\" height=\"626\" fetchpriority=\"high\" class=\"wp-image-4873 avia-img-lazy-loading-not-4873\"  src=\"https:\/\/localveri.net\/abs\/wp-content\/uploads\/2025\/12\/abs-hub.jpg\" title=\"abs-hub\" alt=\"\" srcset=\"https:\/\/localveri.net\/abs\/wp-content\/uploads\/2025\/12\/abs-hub.jpg 626w, https:\/\/localveri.net\/abs\/wp-content\/uploads\/2025\/12\/abs-hub-300x300.jpg 300w, https:\/\/localveri.net\/abs\/wp-content\/uploads\/2025\/12\/abs-hub-80x80.jpg 80w, https:\/\/localveri.net\/abs\/wp-content\/uploads\/2025\/12\/abs-hub-36x36.jpg 36w, https:\/\/localveri.net\/abs\/wp-content\/uploads\/2025\/12\/abs-hub-180x180.jpg 180w\" sizes=\"(max-width: 626px) 100vw, 626px\" \/><\/div><\/div><figcaption class='av-inner-masonry-content site-background'><div class='av-inner-masonry-content-pos'><div class='av-inner-masonry-content-pos-content'><div class='avia-arrow'><\/div><h3 class='av-masonry-entry-title entry-title '  itemprop=\"headline\" >Repeater (Menzil Art\u0131r\u0131c\u0131) Siyah \/ Beyaz<\/h3><div class='av-masonry-entry-content entry-content'  itemprop=\"text\" >ABS CONTROL sistemine ba\u011fl\u0131 t\u00fcm cihazlar\u0131n ileti\u015fim kapsama alan\u0131n\u0131 art\u0131rmak i\u00e7in geli\u015ftirilmi\u015f sinyal tekrarlay\u0131c\u0131d\u0131r. \u00c7ok katl\u0131 binalar, geni\u015f evler ve sanayi alanlar\u0131nda sistemin merkezle kesintisiz ba\u011flant\u0131s\u0131n\u0131 s\u00fcrd\u00fcrmesini sa\u011flar. Sisteme 5 repeater eklenerek kapsama alan\u0131 geni\u015fletilebilir.<\/div><\/div><\/div><\/figcaption><\/figure><\/a><!--end av-masonry entry--><a href=\"https:\/\/localveri.net\/abs\/portfolio-item\/kamerali-hareket-dedektoru-siyah-beyaz\/\"  id='av-masonry-1-item-4886' data-av-masonry-item='4886' class='av-masonry-entry isotope-item post-4886 portfolio type-portfolio status-publish has-post-thumbnail hentry portfolio_entries-urunler all_sort urunler_sort  av-masonry-item-with-image' title=\"hareket-dedktoru-kamerali\"   itemscope=\"itemscope\" itemtype=\"https:\/\/schema.org\/CreativeWork\" ><div class='av-inner-masonry-sizer'><\/div><figure class='av-inner-masonry main_color'><div class=\"av-masonry-outerimage-container\"><div class='av-masonry-image-container'  ><img decoding=\"async\" width=\"626\" height=\"626\" fetchpriority=\"high\" class=\"wp-image-4887 avia-img-lazy-loading-not-4887\"  src=\"https:\/\/localveri.net\/abs\/wp-content\/uploads\/2025\/12\/hareket-dedktoru-kamerali.jpg\" title=\"hareket-dedktoru-kamerali\" alt=\"\" srcset=\"https:\/\/localveri.net\/abs\/wp-content\/uploads\/2025\/12\/hareket-dedktoru-kamerali.jpg 626w, https:\/\/localveri.net\/abs\/wp-content\/uploads\/2025\/12\/hareket-dedktoru-kamerali-300x300.jpg 300w, https:\/\/localveri.net\/abs\/wp-content\/uploads\/2025\/12\/hareket-dedktoru-kamerali-80x80.jpg 80w, https:\/\/localveri.net\/abs\/wp-content\/uploads\/2025\/12\/hareket-dedktoru-kamerali-36x36.jpg 36w, https:\/\/localveri.net\/abs\/wp-content\/uploads\/2025\/12\/hareket-dedktoru-kamerali-180x180.jpg 180w\" sizes=\"(max-width: 626px) 100vw, 626px\" \/><\/div><\/div><figcaption class='av-inner-masonry-content site-background'><div class='av-inner-masonry-content-pos'><div class='av-inner-masonry-content-pos-content'><div class='avia-arrow'><\/div><h3 class='av-masonry-entry-title entry-title '  itemprop=\"headline\" >Kameral\u0131 Hareket Dedekt\u00f6r\u00fc Siyah \/ Beyaz<\/h3><div class='av-masonry-entry-content entry-content'  itemprop=\"text\" >\u0130\u00e7 mekanlarda kullan\u0131lmak \u00fczere tasarlanan kablosuz hareket dedekt\u00f6r\u00fc, 12 metreye kadar alg\u0131lama mesafesine sahiptir. Evcil hayvanlar\u0131 alg\u0131lamayacak \u015fekilde kurulabilir. Hub ile iki \u00f6zel protokol \u00fczerinden haberle\u015fir: Alarm ve Olay \u0130letimi, Foto\u011fraf \u0130letimi, A\u00e7\u0131k ortamda 1.700 metreye kadar ileti\u015fim mesafesi sunar.<\/div><\/div><\/div><\/figcaption><\/figure><\/a><!--end av-masonry entry--><a href=\"https:\/\/localveri.net\/abs\/portfolio-item\/hareket-dedektoru-siyah-beyaz\/\"  id='av-masonry-1-item-4889' data-av-masonry-item='4889' class='av-masonry-entry isotope-item post-4889 portfolio type-portfolio status-publish has-post-thumbnail hentry portfolio_entries-urunler all_sort urunler_sort  av-masonry-item-with-image' title=\"hareket-dedktoru\"   itemscope=\"itemscope\" itemtype=\"https:\/\/schema.org\/CreativeWork\" ><div class='av-inner-masonry-sizer'><\/div><figure class='av-inner-masonry main_color'><div class=\"av-masonry-outerimage-container\"><div class='av-masonry-image-container'  ><img decoding=\"async\" width=\"626\" height=\"626\" fetchpriority=\"high\" class=\"wp-image-4890 avia-img-lazy-loading-not-4890\"  src=\"https:\/\/localveri.net\/abs\/wp-content\/uploads\/2025\/12\/hareket-dedktoru.jpg\" title=\"hareket-dedktoru\" alt=\"\" srcset=\"https:\/\/localveri.net\/abs\/wp-content\/uploads\/2025\/12\/hareket-dedktoru.jpg 626w, https:\/\/localveri.net\/abs\/wp-content\/uploads\/2025\/12\/hareket-dedktoru-300x300.jpg 300w, https:\/\/localveri.net\/abs\/wp-content\/uploads\/2025\/12\/hareket-dedktoru-80x80.jpg 80w, https:\/\/localveri.net\/abs\/wp-content\/uploads\/2025\/12\/hareket-dedktoru-36x36.jpg 36w, https:\/\/localveri.net\/abs\/wp-content\/uploads\/2025\/12\/hareket-dedktoru-180x180.jpg 180w\" sizes=\"(max-width: 626px) 100vw, 626px\" \/><\/div><\/div><figcaption class='av-inner-masonry-content site-background'><div class='av-inner-masonry-content-pos'><div class='av-inner-masonry-content-pos-content'><div class='avia-arrow'><\/div><h3 class='av-masonry-entry-title entry-title '  itemprop=\"headline\" >Hareket Dedekt\u00f6r\u00fc Siyah \/ Beyaz<\/h3><div class='av-masonry-entry-content entry-content'  itemprop=\"text\" >112 metrekarelik alan\u0131 88,5\u00b0 a\u00e7\u0131yla izleyen i\u00e7 mekan dedekt\u00f6r\u00fc, insan hareketini ilk ad\u0131mdan itibaren alg\u0131lar. K\u00fc\u00e7\u00fck evcil hayvanlar\u0131 yok sayacak \u015fekilde yap\u0131land\u0131r\u0131lm\u0131\u015ft\u0131r. Kablosuz ileti\u015fim protokol\u00fcyle sisteme ba\u011flan\u0131r, a\u00e7\u0131k alanda 1.700 metreye kadar kablosuz ileti\u015fim sa\u011flar.<\/div><\/div><\/div><\/figcaption><\/figure><\/a><!--end av-masonry entry--><a href=\"https:\/\/localveri.net\/abs\/portfolio-item\/dis-ortam-hareket-dedektoru\/\"  id='av-masonry-1-item-4892' data-av-masonry-item='4892' class='av-masonry-entry isotope-item post-4892 portfolio type-portfolio status-publish has-post-thumbnail hentry portfolio_entries-urunler all_sort urunler_sort  av-masonry-item-with-image' title=\"hareket-dedktoru\"   itemscope=\"itemscope\" itemtype=\"https:\/\/schema.org\/CreativeWork\" ><div class='av-inner-masonry-sizer'><\/div><figure class='av-inner-masonry main_color'><div class=\"av-masonry-outerimage-container\"><div class='av-masonry-image-container'  ><img decoding=\"async\" width=\"626\" height=\"626\" fetchpriority=\"high\" class=\"wp-image-4890 avia-img-lazy-loading-not-4890\"  src=\"https:\/\/localveri.net\/abs\/wp-content\/uploads\/2025\/12\/hareket-dedktoru.jpg\" title=\"hareket-dedktoru\" alt=\"\" srcset=\"https:\/\/localveri.net\/abs\/wp-content\/uploads\/2025\/12\/hareket-dedktoru.jpg 626w, https:\/\/localveri.net\/abs\/wp-content\/uploads\/2025\/12\/hareket-dedktoru-300x300.jpg 300w, https:\/\/localveri.net\/abs\/wp-content\/uploads\/2025\/12\/hareket-dedktoru-80x80.jpg 80w, https:\/\/localveri.net\/abs\/wp-content\/uploads\/2025\/12\/hareket-dedktoru-36x36.jpg 36w, https:\/\/localveri.net\/abs\/wp-content\/uploads\/2025\/12\/hareket-dedktoru-180x180.jpg 180w\" sizes=\"(max-width: 626px) 100vw, 626px\" \/><\/div><\/div><figcaption class='av-inner-masonry-content site-background'><div class='av-inner-masonry-content-pos'><div class='av-inner-masonry-content-pos-content'><div class='avia-arrow'><\/div><h3 class='av-masonry-entry-title entry-title '  itemprop=\"headline\" >D\u0131\u015f Ortam Hareket Dedekt\u00f6r\u00fc<\/h3><div class='av-masonry-entry-content entry-content'  itemprop=\"text\" >15 metreye kadar ayarlanabilir alg\u0131lama mesafesi sunan d\u0131\u015f mekan hareket dedekt\u00f6r\u00fc, kablosuz yap\u0131s\u0131yla esnek kurulum imk\u00e2n\u0131 sunar. Anti-maskeleme \u00f6zelli\u011fi, g\u00f6r\u00fc\u015f alan\u0131n\u0131 kapatma giri\u015fimlerini alg\u0131lar. 80 cm\u2019ye kadar olan hayvanlar\u0131 yok sayacak \u015fekilde yap\u0131land\u0131r\u0131labilir. Kablosuz ileti\u015fim protokol\u00fcyle hub\u2019a ba\u011flan\u0131r ve a\u00e7\u0131k ortamda 1.700 metreye kadar ileti\u015fim kurar<\/div><\/div><\/div><\/figcaption><\/figure><\/a><!--end av-masonry entry--><\/div><\/div>\n\n","protected":false},"excerpt":{"rendered":"","protected":false},"author":1,"featured_media":0,"parent":0,"menu_order":0,"comment_status":"closed","ping_status":"closed","template":"","meta":{"footnotes":""},"class_list":["post-4615","page","type-page","status-publish","hentry"],"_links":{"self":[{"href":"https:\/\/localveri.net\/abs\/wp-json\/wp\/v2\/pages\/4615","targetHints":{"allow":["GET"]}}],"collection":[{"href":"https:\/\/localveri.net\/abs\/wp-json\/wp\/v2\/pages"}],"about":[{"href":"https:\/\/localveri.net\/abs\/wp-json\/wp\/v2\/types\/page"}],"author":[{"embeddable":true,"href":"https:\/\/localveri.net\/abs\/wp-json\/wp\/v2\/users\/1"}],"replies":[{"embeddable":true,"href":"https:\/\/localveri.net\/abs\/wp-json\/wp\/v2\/comments?post=4615"}],"version-history":[{"count":15,"href":"https:\/\/localveri.net\/abs\/wp-json\/wp\/v2\/pages\/4615\/revisions"}],"predecessor-version":[{"id":5052,"href":"https:\/\/localveri.net\/abs\/wp-json\/wp\/v2\/pages\/4615\/revisions\/5052"}],"wp:attachment":[{"href":"https:\/\/localveri.net\/abs\/wp-json\/wp\/v2\/media?parent=4615"}],"curies":[{"name":"wp","href":"https:\/\/api.w.org\/{rel}","templated":true}]}}