{"id":4918,"date":"2025-12-11T16:09:31","date_gmt":"2025-12-11T13:09:31","guid":{"rendered":"https:\/\/localveri.net\/abs\/?page_id=4918"},"modified":"2025-12-11T16:09:31","modified_gmt":"2025-12-11T13:09:31","slug":"konfor-ve-otomasyon","status":"publish","type":"page","link":"https:\/\/localveri.net\/abs\/konfor-ve-otomasyon\/","title":{"rendered":"Konfor ve otomasyon"},"content":{"rendered":"<div id='av_section_1'  class='avia-section av-mj1gf9s8-5ef8b0a677c925bf9d99e3cc20a80e8a main_color avia-section-default avia-no-border-styling  avia-builder-el-0  avia-builder-el-no-sibling  avia-bg-style-scroll av-minimum-height av-minimum-height-75 av-height-75  container_wrap fullsize'   data-av_minimum_height_pc='75' data-av_min_height_opt='75'><div class='container av-section-cont-open' ><main  role=\"main\" itemprop=\"mainContentOfPage\"  class='template-page content  av-content-full alpha units'><div class='post-entry post-entry-type-page post-entry-4918'><div class='entry-content-wrapper clearfix'>\n\n<style type=\"text\/css\" data-created_by=\"avia_inline_auto\" id=\"style-css-av-mj1gf5zp-0b10c0c26b55f793193b005e9c71c214\">\n#top .av_textblock_section.av-mj1gf5zp-0b10c0c26b55f793193b005e9c71c214 .avia_textblock{\ntext-align:center;\n}\n<\/style>\n<section  class='av_textblock_section av-mj1gf5zp-0b10c0c26b55f793193b005e9c71c214 '   itemscope=\"itemscope\" itemtype=\"https:\/\/schema.org\/CreativeWork\" ><div class='avia_textblock'  itemprop=\"text\" ><p>yap\u0131m a\u015famas\u0131nda<\/p>\n<\/div><\/section>\n\n","protected":false},"excerpt":{"rendered":"","protected":false},"author":1,"featured_media":0,"parent":0,"menu_order":0,"comment_status":"closed","ping_status":"closed","template":"","meta":{"footnotes":""},"class_list":["post-4918","page","type-page","status-publish","hentry"],"_links":{"self":[{"href":"https:\/\/localveri.net\/abs\/wp-json\/wp\/v2\/pages\/4918","targetHints":{"allow":["GET"]}}],"collection":[{"href":"https:\/\/localveri.net\/abs\/wp-json\/wp\/v2\/pages"}],"about":[{"href":"https:\/\/localveri.net\/abs\/wp-json\/wp\/v2\/types\/page"}],"author":[{"embeddable":true,"href":"https:\/\/localveri.net\/abs\/wp-json\/wp\/v2\/users\/1"}],"replies":[{"embeddable":true,"href":"https:\/\/localveri.net\/abs\/wp-json\/wp\/v2\/comments?post=4918"}],"version-history":[{"count":2,"href":"https:\/\/localveri.net\/abs\/wp-json\/wp\/v2\/pages\/4918\/revisions"}],"predecessor-version":[{"id":4920,"href":"https:\/\/localveri.net\/abs\/wp-json\/wp\/v2\/pages\/4918\/revisions\/4920"}],"wp:attachment":[{"href":"https:\/\/localveri.net\/abs\/wp-json\/wp\/v2\/media?parent=4918"}],"curies":[{"name":"wp","href":"https:\/\/api.w.org\/{rel}","templated":true}]}}