{"id":4947,"date":"2025-12-11T16:53:34","date_gmt":"2025-12-11T13:53:34","guid":{"rendered":"https:\/\/localveri.net\/abs\/?page_id=4947"},"modified":"2025-12-15T16:36:13","modified_gmt":"2025-12-15T13:36:13","slug":"blog","status":"publish","type":"page","link":"https:\/\/localveri.net\/abs\/blog\/","title":{"rendered":"Blog"},"content":{"rendered":"<div id='av_section_1'  class='avia-section av-9gqwr7-a7adf1da858ae62fa1984f81beab938d main_color avia-section-default avia-no-border-styling  avia-builder-el-0  avia-builder-el-no-sibling  avia-bg-style-scroll container_wrap fullsize'  ><div class='container av-section-cont-open' ><main  role=\"main\" itemprop=\"mainContentOfPage\"  class='template-page content  av-content-full alpha units'><div class='post-entry post-entry-type-page post-entry-4947'><div class='entry-content-wrapper clearfix'>\n<div  class='flex_column av-7r2ehf-f69bbe01bbb027341d7e4bf1decca966 av_one_full  avia-builder-el-1  el_before_av_masonry_entries  avia-builder-el-no-sibling  first flex_column_div av-animated-generic bottom-to-top  '     ><style type=\"text\/css\" data-created_by=\"avia_inline_auto\" id=\"style-css-av-5ii8mb-4568b3794da90e2cd44fe22a1ef1adfa\">\n#top .av-special-heading.av-5ii8mb-4568b3794da90e2cd44fe22a1ef1adfa{\npadding-bottom:10px;\ncolor:#000000;\nfont-size:50px;\n}\nbody .av-special-heading.av-5ii8mb-4568b3794da90e2cd44fe22a1ef1adfa .av-special-heading-tag .heading-char{\nfont-size:25px;\n}\n#top #wrap_all .av-special-heading.av-5ii8mb-4568b3794da90e2cd44fe22a1ef1adfa .av-special-heading-tag{\nfont-size:50px;\n}\n.av-special-heading.av-5ii8mb-4568b3794da90e2cd44fe22a1ef1adfa .special-heading-inner-border{\nborder-color:#000000;\n}\n.av-special-heading.av-5ii8mb-4568b3794da90e2cd44fe22a1ef1adfa .av-subheading{\nfont-size:15px;\n}\n\n@media only screen and (min-width: 480px) and (max-width: 767px){ \n#top #wrap_all .av-special-heading.av-5ii8mb-4568b3794da90e2cd44fe22a1ef1adfa .av-special-heading-tag{\nfont-size:0.8em;\n}\n}\n\n@media only screen and (max-width: 479px){ \n#top #wrap_all .av-special-heading.av-5ii8mb-4568b3794da90e2cd44fe22a1ef1adfa .av-special-heading-tag{\nfont-size:0.8em;\n}\n}\n<\/style>\n<div  id=\"girisbaslik\"  class='av-special-heading av-5ii8mb-4568b3794da90e2cd44fe22a1ef1adfa av-special-heading-h3 custom-color-heading blockquote modern-quote modern-centered  avia-builder-el-2  avia-builder-el-no-sibling  girisbaslik av-inherit-size'><h3 class='av-special-heading-tag '  itemprop=\"headline\"  >Blog<\/h3><div class=\"special-heading-border\"><div class=\"special-heading-inner-border\"><\/div><\/div><\/div><\/div><div id='av-masonry-1' class='av-masonry av-2n2loz-9f0a4d7b4adf3306f587d2f6bec936a1 noHover av-flex-size av-large-gap av-hover-overlay- av-masonry-animation-active av-masonry-col-4 av-caption-always av-caption-style- av-masonry-entries ' data-post_id=\"4947\"><div class=\"av-masonry-container isotope av-js-disabled\"><div class='av-masonry-entry isotope-item av-masonry-item-no-image all_sort genel_sort '><\/div><a href=\"https:\/\/localveri.net\/abs\/is-yeri-guvenligi-nasil-saglanir\/\"  id='av-masonry-1-item-4952' data-av-masonry-item='4952' class='av-masonry-entry isotope-item post-4952 post type-post status-publish format-standard has-post-thumbnail hentry category-genel all_sort genel_sort  av-masonry-item-with-image' title=\"ofis-guvenligi\"   itemscope=\"itemscope\" itemtype=\"https:\/\/schema.org\/CreativeWork\" ><div class='av-inner-masonry-sizer'><\/div><figure class='av-inner-masonry main_color'><div class=\"av-masonry-outerimage-container\"><div class='av-masonry-image-container'  ><img decoding=\"async\" width=\"495\" height=\"400\" fetchpriority=\"high\" class=\"wp-image-4962 avia-img-lazy-loading-not-4962\"  src=\"https:\/\/localveri.net\/abs\/wp-content\/uploads\/2025\/12\/ofis-guvenligi-495x400.jpg\" title=\"ofis-guvenligi\" alt=\"\" \/><\/div><\/div><figcaption class='av-inner-masonry-content site-background'><div class='av-inner-masonry-content-pos'><div class='av-inner-masonry-content-pos-content'><div class='avia-arrow'><\/div><h3 class='av-masonry-entry-title entry-title '  itemprop=\"headline\" >\u0130\u015f Yeri G\u00fcvenli\u011fi Nas\u0131l Sa\u011flan\u0131r?<\/h3><div class='av-masonry-entry-content entry-content'  itemprop=\"text\" >G\u00fcvenlik, i\u015fletmeler i\u00e7in art\u0131k bir l\u00fcks de\u011fil temel bir\u2026<\/div><span class='av-masonry-date meta-color updated'>11 Aral\u0131k 2025<\/span><span class=\"av-masonry-text-sep text-sep-author\">\/<\/span><span class='av-masonry-author meta-color author'><span class='fn'>taraf\u0131ndan aBS_GUVENlik_admin<\/span><\/span><\/div><\/div><\/figcaption><\/figure><\/a><!--end av-masonry entry--><a href=\"https:\/\/localveri.net\/abs\/video-cihazlari-artik-otomasyon-senaryolarini-etkinlestirebiliyor\/\"  id='av-masonry-1-item-4967' data-av-masonry-item='4967' class='av-masonry-entry isotope-item post-4967 post type-post status-publish format-standard has-post-thumbnail hentry category-genel all_sort genel_sort  av-masonry-item-with-image' title=\"algilama\"   itemscope=\"itemscope\" itemtype=\"https:\/\/schema.org\/CreativeWork\" ><div class='av-inner-masonry-sizer'><\/div><figure class='av-inner-masonry main_color'><div class=\"av-masonry-outerimage-container\"><div class='av-masonry-image-container'  ><img decoding=\"async\" width=\"495\" height=\"400\" fetchpriority=\"high\" class=\"wp-image-4968 avia-img-lazy-loading-not-4968\"  src=\"https:\/\/localveri.net\/abs\/wp-content\/uploads\/2025\/12\/algilama-495x400.jpg\" title=\"algilama\" alt=\"\" \/><\/div><\/div><figcaption class='av-inner-masonry-content site-background'><div class='av-inner-masonry-content-pos'><div class='av-inner-masonry-content-pos-content'><div class='avia-arrow'><\/div><h3 class='av-masonry-entry-title entry-title '  itemprop=\"headline\" >Video cihazlar\u0131 art\u0131k otomasyon senaryolar\u0131n\u0131 etkinle\u015ftirebiliyor<\/h3><div class='av-masonry-entry-content entry-content'  itemprop=\"text\" >ABS CONTROL video izleme, tek bir uygulamada birle\u015fik y\u00f6netim\u2026<\/div><span class='av-masonry-date meta-color updated'>12 Aral\u0131k 2025<\/span><span class=\"av-masonry-text-sep text-sep-author\">\/<\/span><span class='av-masonry-author meta-color author'><span class='fn'>taraf\u0131ndan aBS_GUVENlik_admin<\/span><\/span><\/div><\/div><\/figcaption><\/figure><\/a><!--end av-masonry entry--><a href=\"https:\/\/localveri.net\/abs\/hicbir-ziyaretciyi-kacirmayin-doorbellden-uygulama-ici-aramalar\/\"  id='av-masonry-1-item-4973' data-av-masonry-item='4973' class='av-masonry-entry isotope-item post-4973 post type-post status-publish format-standard has-post-thumbnail hentry category-genel all_sort genel_sort  av-masonry-item-with-image' title=\"ziyaretci-takibi\"   itemscope=\"itemscope\" itemtype=\"https:\/\/schema.org\/CreativeWork\" ><div class='av-inner-masonry-sizer'><\/div><figure class='av-inner-masonry main_color'><div class=\"av-masonry-outerimage-container\"><div class='av-masonry-image-container'  ><img decoding=\"async\" width=\"495\" height=\"400\" fetchpriority=\"high\" class=\"wp-image-4974 avia-img-lazy-loading-not-4974\"  src=\"https:\/\/localveri.net\/abs\/wp-content\/uploads\/2025\/12\/ziyaretci-takibi-495x400.jpg\" title=\"ziyaretci-takibi\" alt=\"\" \/><\/div><\/div><figcaption class='av-inner-masonry-content site-background'><div class='av-inner-masonry-content-pos'><div class='av-inner-masonry-content-pos-content'><div class='avia-arrow'><\/div><h3 class='av-masonry-entry-title entry-title '  itemprop=\"headline\" >Hi\u00e7bir ziyaret\u00e7iyi ka\u00e7\u0131rmay\u0131n: DoorBell\u2019den uygulama i\u00e7i aramalar<\/h3><div class='av-masonry-entry-content entry-content'  itemprop=\"text\" >DoorBell s\u00f6z konusu oldu\u011funda, net ve dikkat \u00e7ekici uyar\u0131lar\u2026<\/div><span class='av-masonry-date meta-color updated'>12 Aral\u0131k 2025<\/span><span class=\"av-masonry-text-sep text-sep-author\">\/<\/span><span class='av-masonry-author meta-color author'><span class='fn'>taraf\u0131ndan aBS_GUVENlik_admin<\/span><\/span><\/div><\/div><\/figcaption><\/figure><\/a><!--end av-masonry entry--><a href=\"https:\/\/localveri.net\/abs\/tum-spaceler-icin-tek-videowall-tum-tesisleri-tek-ekranda-izleyin\/\"  id='av-masonry-1-item-4976' data-av-masonry-item='4976' class='av-masonry-entry isotope-item post-4976 post type-post status-publish format-standard has-post-thumbnail hentry category-genel all_sort genel_sort  av-masonry-item-with-image' title=\"ekran\"   itemscope=\"itemscope\" itemtype=\"https:\/\/schema.org\/CreativeWork\" ><div class='av-inner-masonry-sizer'><\/div><figure class='av-inner-masonry main_color'><div class=\"av-masonry-outerimage-container\"><div class='av-masonry-image-container'  ><img decoding=\"async\" width=\"495\" height=\"400\" fetchpriority=\"high\" class=\"wp-image-4978 avia-img-lazy-loading-not-4978\"  src=\"https:\/\/localveri.net\/abs\/wp-content\/uploads\/2025\/12\/ekran-495x400.jpg\" title=\"ekran\" alt=\"\" \/><\/div><\/div><figcaption class='av-inner-masonry-content site-background'><div class='av-inner-masonry-content-pos'><div class='av-inner-masonry-content-pos-content'><div class='avia-arrow'><\/div><h3 class='av-masonry-entry-title entry-title '  itemprop=\"headline\" >T\u00fcm space\u2019ler i\u00e7in tek videowall: T\u00fcm tesisleri tek ekranda izleyin<\/h3><div class='av-masonry-entry-content entry-content'  itemprop=\"text\" >Birden fazla tesisin izlenmesi, \u00e7o\u011fu zaman farkl\u0131 ekranlar\u2026<\/div><span class='av-masonry-date meta-color updated'>12 Aral\u0131k 2025<\/span><span class=\"av-masonry-text-sep text-sep-author\">\/<\/span><span class='av-masonry-author meta-color author'><span class='fn'>taraf\u0131ndan aBS_GUVENlik_admin<\/span><\/span><\/div><\/div><\/figcaption><\/figure><\/a><!--end av-masonry entry--><\/div><\/div>\n\n","protected":false},"excerpt":{"rendered":"","protected":false},"author":1,"featured_media":0,"parent":0,"menu_order":0,"comment_status":"closed","ping_status":"closed","template":"","meta":{"footnotes":""},"class_list":["post-4947","page","type-page","status-publish","hentry"],"_links":{"self":[{"href":"https:\/\/localveri.net\/abs\/wp-json\/wp\/v2\/pages\/4947","targetHints":{"allow":["GET"]}}],"collection":[{"href":"https:\/\/localveri.net\/abs\/wp-json\/wp\/v2\/pages"}],"about":[{"href":"https:\/\/localveri.net\/abs\/wp-json\/wp\/v2\/types\/page"}],"author":[{"embeddable":true,"href":"https:\/\/localveri.net\/abs\/wp-json\/wp\/v2\/users\/1"}],"replies":[{"embeddable":true,"href":"https:\/\/localveri.net\/abs\/wp-json\/wp\/v2\/comments?post=4947"}],"version-history":[{"count":7,"href":"https:\/\/localveri.net\/abs\/wp-json\/wp\/v2\/pages\/4947\/revisions"}],"predecessor-version":[{"id":5014,"href":"https:\/\/localveri.net\/abs\/wp-json\/wp\/v2\/pages\/4947\/revisions\/5014"}],"wp:attachment":[{"href":"https:\/\/localveri.net\/abs\/wp-json\/wp\/v2\/media?parent=4947"}],"curies":[{"name":"wp","href":"https:\/\/api.w.org\/{rel}","templated":true}]}}